{"id":15034,"date":"2022-04-26T09:49:19","date_gmt":"2022-04-26T07:49:19","guid":{"rendered":"https:\/\/ecoprogramflotte.com\/profil\/"},"modified":"2024-07-09T14:24:45","modified_gmt":"2024-07-09T12:24:45","slug":"profil","status":"publish","type":"page","link":"https:\/\/ecoprogramflotte.com\/fr\/profil\/","title":{"rendered":"Profil"},"content":{"rendered":"\t\t<div data-elementor-type=\"wp-page\" data-elementor-id=\"15034\" class=\"elementor elementor-15034 elementor-12305\">\n\t\t\t\t\t\t<section class=\"elementor-section elementor-top-section elementor-element elementor-element-b85db0b elementor-section-full_width elementor-section-height-default elementor-section-height-default qodef-elementor-content-no\" data-id=\"b85db0b\" data-element_type=\"section\" data-e-type=\"section\">\n\t\t\t\t\t\t<div class=\"elementor-container elementor-column-gap-default\">\n\t\t\t\t\t<div class=\"elementor-column elementor-col-100 elementor-top-column elementor-element elementor-element-a70b7d8 qodef-gradient-background-column--no\" data-id=\"a70b7d8\" data-element_type=\"column\" data-e-type=\"column\">\n\t\t\t<div class=\"elementor-widget-wrap elementor-element-populated\">\n\t\t\t\t\t\t<div class=\"elementor-element elementor-element-bc54ef4 elementor-widget__width-initial elementor-widget-mobile__width-inherit elementor-widget elementor-widget-deon_core_section_title\" data-id=\"bc54ef4\" data-element_type=\"widget\" data-e-type=\"widget\" data-widget_type=\"deon_core_section_title.default\">\n\t\t\t\t<div class=\"elementor-widget-container\">\n\t\t\t\t\t<div class=\"qodef-shortcode qodef-m  qodef-section-title qodef-alignment--left  qodef--has-appear\">\n\t\t\t<h1 class=\"qodef-m-title\" style=\"background-image: -webkit-linear-gradient(45deg,#5cc3ee 0%, #5d91ef 29%, #7F7FD5 50%, #86A8E7 73%, #4286F4 100%);-webkit-background-clip: text; -webkit-text-fill-color: transparent;\">\n\t\t\t\t\tPlus de<br \/> 30 ans d\u2019exp\u00e9rience\t\t\t<\/h1>\n\t\t\t<\/div>\n\t\t\t\t<\/div>\n\t\t\t\t<\/div>\n\t\t\t\t<div class=\"elementor-element elementor-element-2c8df75 elementor-widget elementor-widget-text-editor\" data-id=\"2c8df75\" data-element_type=\"widget\" data-e-type=\"widget\" data-widget_type=\"text-editor.default\">\n\t\t\t\t<div class=\"elementor-widget-container\">\n\t\t\t\t\t\t\t\t\t<p>Ecoprogram Flotte est leader en Italie dans la fourniture de services logistiques et compl\u00e9mentaires au secteur automobile.<\/p><p>Le r\u00e9seau logistique couvre l\u2019ensemble du territoire national gr\u00e2ce \u00e0 35 plateformes (hubs) pour 1.400.000 m\u00e8tres carr\u00e9s de surface, situ\u00e9es le long des axes autoroutiers les plus importants.<\/p>\t\t\t\t\t\t\t\t<\/div>\n\t\t\t\t<\/div>\n\t\t\t\t\t<\/div>\n\t\t<\/div>\n\t\t\t\t\t<\/div>\n\t\t<\/section>\n\t\t\t\t<section class=\"elementor-section elementor-top-section elementor-element elementor-element-f722869 elementor-section-full_width qodef-elementor-content-grid qodef-extended-grid qodef-extended-grid--left elementor-section-height-default elementor-section-height-default\" data-id=\"f722869\" data-element_type=\"section\" data-e-type=\"section\">\n\t\t\t\t\t\t<div class=\"elementor-container elementor-column-gap-no\">\n\t\t\t\t\t<div class=\"elementor-column elementor-col-50 elementor-top-column elementor-element elementor-element-21aceee qodef-gradient-background-column--no\" data-id=\"21aceee\" data-element_type=\"column\" data-e-type=\"column\">\n\t\t\t<div class=\"elementor-widget-wrap elementor-element-populated\">\n\t\t\t\t\t\t<div class=\"elementor-element elementor-element-58138b1 elementor-widget elementor-widget-deon_core_single_image\" data-id=\"58138b1\" data-element_type=\"widget\" data-e-type=\"widget\" data-widget_type=\"deon_core_single_image.default\">\n\t\t\t\t<div class=\"elementor-widget-container\">\n\t\t\t\t\t<div class=\"qodef-shortcode qodef-m  qodef-single-image qodef-layout--default qodef-parallax-item  \" >\n\t\t<div class=\"qodef-m-image \">\n\t\t\t\t\t<img fetchpriority=\"high\" decoding=\"async\" width=\"1058\" height=\"663\" src=\"https:\/\/ecoprogramflotte.com\/wp-content\/uploads\/2022\/06\/piazzale-auto-profilo-ecoprogram-flotte.jpg\" class=\"attachment-full size-full\" alt=\"piazzale-auto-profilo-ecoprogram-flotte\" srcset=\"https:\/\/ecoprogramflotte.com\/wp-content\/uploads\/2022\/06\/piazzale-auto-profilo-ecoprogram-flotte.jpg 1058w, https:\/\/ecoprogramflotte.com\/wp-content\/uploads\/2022\/06\/piazzale-auto-profilo-ecoprogram-flotte-300x188.jpg 300w, https:\/\/ecoprogramflotte.com\/wp-content\/uploads\/2022\/06\/piazzale-auto-profilo-ecoprogram-flotte-1024x642.jpg 1024w, https:\/\/ecoprogramflotte.com\/wp-content\/uploads\/2022\/06\/piazzale-auto-profilo-ecoprogram-flotte-768x481.jpg 768w\" sizes=\"(max-width: 1058px) 100vw, 1058px\" \/>\t\t\t<\/div>\n<\/div>\n\t\t\t\t<\/div>\n\t\t\t\t<\/div>\n\t\t\t\t\t<\/div>\n\t\t<\/div>\n\t\t\t\t<div class=\"elementor-column elementor-col-50 elementor-top-column elementor-element elementor-element-c9ce416 qodef-gradient-background-column--no\" data-id=\"c9ce416\" data-element_type=\"column\" data-e-type=\"column\">\n\t\t\t<div class=\"elementor-widget-wrap elementor-element-populated\">\n\t\t\t\t\t\t<div class=\"elementor-element elementor-element-f641721 elementor-widget elementor-widget-deon_core_section_title\" data-id=\"f641721\" data-element_type=\"widget\" data-e-type=\"widget\" data-widget_type=\"deon_core_section_title.default\">\n\t\t\t\t<div class=\"elementor-widget-container\">\n\t\t\t\t\t<div class=\"qodef-shortcode qodef-m  qodef-section-title qodef-alignment--left  \">\n\t\t\t<h3 class=\"qodef-m-title\" style=\"margin-top:9px;\">\n\t\t\t\t\tEcoprogram Flotte<br \/>\t\t\t<\/h3>\n\t\t\t<\/div>\n\t\t\t\t<\/div>\n\t\t\t\t<\/div>\n\t\t\t\t<div class=\"elementor-element elementor-element-3555b1e elementor-widget elementor-widget-text-editor\" data-id=\"3555b1e\" data-element_type=\"widget\" data-e-type=\"widget\" data-widget_type=\"text-editor.default\">\n\t\t\t\t<div class=\"elementor-widget-container\">\n\t\t\t\t\t\t\t\t\t<strong>Ecoprogram Flotte<\/strong>, fort de plus de 30 ans d\u2019exp\u00e9rience sur le march\u00e9 des services g\u00e9n\u00e9raux d\u2019entreprise, des <strong>prestations logistiques li\u00e9es au monde automobile<\/strong> et du <strong>n\u00e9goce de v\u00e9hicules<\/strong> appartenant aux <strong>grandes flottes<\/strong> pour la location sans chauffeur, est en mesure de satisfaire les besoins de toute client\u00e8le dans un cadre <strong>flexible<\/strong> et <strong>comp\u00e9titif<\/strong>. La soci\u00e9t\u00e9 travaille aux c\u00f4t\u00e9s de groupes internationaux comme <a href=\"https:\/\/www.arval.it\/\" target=\"_blank\" rel=\"noopener\"><strong><u>Arval<\/u><\/strong><\/a>, <a href=\"https:\/\/www.bnpparibas.it\/it\/professionals-smes\/autonoleggio-gestione-della-flotta\/\" target=\"_blank\" rel=\"noopener\"><strong><u>Gruppo Bnp Paribas<\/u><\/strong><\/a>, <a href=\"https:\/\/www.aldautomotive.it\/\" target=\"_blank\" rel=\"noopener\"><strong><u>ALD Automotive<\/u><\/strong><\/a>, <a href=\"https:\/\/www.leasys.com\/it\/italiano\" target=\"_blank\" rel=\"noopener\"><strong><u>Leasys<\/u><\/strong><\/a>, <a href=\"https:\/\/www.unipolrental.it\/\" target=\"_blank\" rel=\"noopener\"><strong><u>Unipol Rental<\/u><\/strong><\/a>, <a href=\"https:\/\/www.leaseplan.com\/it-it\/\" target=\"_blank\" rel=\"noopener\"><strong><u>LeasePlan<\/u><\/strong><\/a>.\t\t\t\t\t\t\t\t<\/div>\n\t\t\t\t<\/div>\n\t\t\t\t\t<\/div>\n\t\t<\/div>\n\t\t\t\t\t<\/div>\n\t\t<\/section>\n\t\t\t\t<section class=\"elementor-section elementor-top-section elementor-element elementor-element-4f2ff28 elementor-section-full_width qodef-elementor-content-grid elementor-section-height-default elementor-section-height-default\" data-id=\"4f2ff28\" data-element_type=\"section\" data-e-type=\"section\">\n\t\t\t\t\t\t<div class=\"elementor-container elementor-column-gap-default\">\n\t\t\t\t\t<div class=\"elementor-column elementor-col-100 elementor-top-column elementor-element elementor-element-f82ac97 qodef-gradient-background-column--no\" data-id=\"f82ac97\" data-element_type=\"column\" data-e-type=\"column\">\n\t\t\t<div class=\"elementor-widget-wrap elementor-element-populated\">\n\t\t\t\t\t\t<div class=\"elementor-element elementor-element-0338c36 elementor-widget elementor-widget-deon_core_section_title\" data-id=\"0338c36\" data-element_type=\"widget\" data-e-type=\"widget\" data-widget_type=\"deon_core_section_title.default\">\n\t\t\t\t<div class=\"elementor-widget-container\">\n\t\t\t\t\t<div class=\"qodef-shortcode qodef-m  qodef-section-title qodef-alignment--center  \">\n\t\t\t<h3 class=\"qodef-m-title\" style=\"background-image: -webkit-linear-gradient(45deg,#5cc3ee 0%, #5d91ef 29%, #7F7FD5 50%, #86A8E7 73%, #4286F4 100%);-webkit-background-clip: text; -webkit-text-fill-color: transparent;\">\n\t\t\t\t\tEcoprogram Flotte<br \/> poursuit un mod\u00e8le de business<br \/> \u00e9thique et socialement responsable, capable de g\u00e9n\u00e9rer de la valeur pour toutes les parties prenantes impliqu\u00e9es, par un service de haute qualit\u00e9 et un professionnalisme reconnu.\t\t\t<\/h3>\n\t\t\t<\/div>\n\t\t\t\t<\/div>\n\t\t\t\t<\/div>\n\t\t\t\t\t<\/div>\n\t\t<\/div>\n\t\t\t\t\t<\/div>\n\t\t<\/section>\n\t\t\t\t<section class=\"elementor-section elementor-top-section elementor-element elementor-element-1c3573a elementor-section-full_width qodef-elementor-content-grid qodef-extended-grid qodef-extended-grid--right elementor-reverse-tablet elementor-reverse-mobile elementor-section-height-default elementor-section-height-default\" data-id=\"1c3573a\" data-element_type=\"section\" data-e-type=\"section\">\n\t\t\t\t\t\t<div class=\"elementor-container elementor-column-gap-no\">\n\t\t\t\t\t<div class=\"elementor-column elementor-col-50 elementor-top-column elementor-element elementor-element-311c2f0 qodef-gradient-background-column--no\" data-id=\"311c2f0\" data-element_type=\"column\" data-e-type=\"column\">\n\t\t\t<div class=\"elementor-widget-wrap elementor-element-populated\">\n\t\t\t\t\t\t<div class=\"elementor-element elementor-element-1fb738c elementor-widget elementor-widget-deon_core_section_title\" data-id=\"1fb738c\" data-element_type=\"widget\" data-e-type=\"widget\" data-widget_type=\"deon_core_section_title.default\">\n\t\t\t\t<div class=\"elementor-widget-container\">\n\t\t\t\t\t<div class=\"qodef-shortcode qodef-m  qodef-section-title qodef-alignment--left  \">\n\t\t\t<h3 class=\"qodef-m-title\" style=\"margin-top:9px;\">\n\t\t\t\t\tGreen Tech<br \/>\t\t\t<\/h3>\n\t\t\t<\/div>\n\t\t\t\t<\/div>\n\t\t\t\t<\/div>\n\t\t\t\t<div class=\"elementor-element elementor-element-4726ec4 elementor-widget elementor-widget-text-editor\" data-id=\"4726ec4\" data-element_type=\"widget\" data-e-type=\"widget\" data-widget_type=\"text-editor.default\">\n\t\t\t\t<div class=\"elementor-widget-container\">\n\t\t\t\t\t\t\t\t\t<strong>Le Groupe Ecoprogram<\/strong> est \u00e9galement actif dans le secteur des technologies vertes avec deux soci\u00e9t\u00e9s\u00a0:\t\t\t\t\t\t\t\t<\/div>\n\t\t\t\t<\/div>\n\t\t\t\t<div class=\"elementor-element elementor-element-523fd44 elementor-widget elementor-widget-deon_core_tabs\" data-id=\"523fd44\" data-element_type=\"widget\" data-e-type=\"widget\" data-widget_type=\"deon_core_tabs.default\">\n\t\t\t\t<div class=\"elementor-widget-container\">\n\t\t\t\t\t<div class=\"qodef-shortcode qodef-m  qodef-tabs clear qodef-orientation--horizontal qodef-layout--simple\">\n\t<ul class=\"qodef-tabs-navigation\">\n\t\t\t\t\t<li>\n\t\t\t\t<a href=\"#qodef-tab-anemotech\">Anemotech<\/a>\n\t\t\t<\/li>\n\t\t\t\t\t<li>\n\t\t\t\t<a href=\"#qodef-tab-willpower\">WillPower<\/a>\n\t\t\t<\/li>\n\t\t\t<\/ul>\n\t<div class=\"qodef-tabs-content\" id=\"qodef-tab-anemotech-124\">\n\t<p><strong>Anemotech<\/strong> a brevet\u00e9 une mati\u00e8re textile, <strong>theBreath\u00ae<\/strong>, en mesure de filtrer l\u2019air pollu\u00e9 puis de le r\u00e9introduire dans l\u2019environnement une fois qu\u2019il est totalement propre.<\/p><\/div>\n<div class=\"qodef-tabs-content\" id=\"qodef-tab-willpower-54\">\n\t<p><strong>WillPower<\/strong> a cr\u00e9\u00e9 un <strong>cog\u00e9n\u00e9rateur<\/strong> \u00e0 cycle ferm\u00e9 aliment\u00e9 \u00e0 la biomasse, ax\u00e9 sur la r\u00e9duction des volumes de boues issues de la purification de l\u2019eau.<\/p><\/div>\n<\/div>\n\t\t\t\t<\/div>\n\t\t\t\t<\/div>\n\t\t\t\t\t<\/div>\n\t\t<\/div>\n\t\t\t\t<div class=\"elementor-column elementor-col-50 elementor-top-column elementor-element elementor-element-54c7cea qodef-gradient-background-column--no\" data-id=\"54c7cea\" data-element_type=\"column\" data-e-type=\"column\">\n\t\t\t<div class=\"elementor-widget-wrap elementor-element-populated\">\n\t\t\t\t\t\t<div class=\"elementor-element elementor-element-6c2f7a4 elementor-widget elementor-widget-deon_core_single_image\" data-id=\"6c2f7a4\" data-element_type=\"widget\" data-e-type=\"widget\" data-widget_type=\"deon_core_single_image.default\">\n\t\t\t\t<div class=\"elementor-widget-container\">\n\t\t\t\t\t<div class=\"qodef-shortcode qodef-m  qodef-single-image qodef-layout--default qodef-parallax-item  \" >\n\t\t<div class=\"qodef-m-image \">\n\t\t\t\t\t<img decoding=\"async\" width=\"1058\" height=\"663\" src=\"https:\/\/ecoprogramflotte.com\/wp-content\/uploads\/2022\/06\/green-tech-profilo-ecoprogram-flotte.jpg\" class=\"attachment-full size-full\" alt=\"green-tech-profilo-ecoprogram-flotte\" srcset=\"https:\/\/ecoprogramflotte.com\/wp-content\/uploads\/2022\/06\/green-tech-profilo-ecoprogram-flotte.jpg 1058w, https:\/\/ecoprogramflotte.com\/wp-content\/uploads\/2022\/06\/green-tech-profilo-ecoprogram-flotte-300x188.jpg 300w, https:\/\/ecoprogramflotte.com\/wp-content\/uploads\/2022\/06\/green-tech-profilo-ecoprogram-flotte-1024x642.jpg 1024w, https:\/\/ecoprogramflotte.com\/wp-content\/uploads\/2022\/06\/green-tech-profilo-ecoprogram-flotte-768x481.jpg 768w\" sizes=\"(max-width: 1058px) 100vw, 1058px\" \/>\t\t\t<\/div>\n<\/div>\n\t\t\t\t<\/div>\n\t\t\t\t<\/div>\n\t\t\t\t\t<\/div>\n\t\t<\/div>\n\t\t\t\t\t<\/div>\n\t\t<\/section>\n\t\t\t\t<section class=\"elementor-section elementor-top-section elementor-element elementor-element-ec50dc2 elementor-section-full_width qodef-elementor-content-grid elementor-section-height-min-height elementor-section-height-default elementor-section-items-middle\" data-id=\"ec50dc2\" data-element_type=\"section\" data-e-type=\"section\">\n\t\t\t\t\t\t<div class=\"elementor-container elementor-column-gap-default\">\n\t\t\t\t\t<div class=\"elementor-column elementor-col-100 elementor-top-column elementor-element elementor-element-2d9a5bb qodef-gradient-background-column--no\" data-id=\"2d9a5bb\" data-element_type=\"column\" data-e-type=\"column\">\n\t\t\t<div class=\"elementor-widget-wrap elementor-element-populated\">\n\t\t\t\t\t\t<div class=\"elementor-element elementor-element-c612d40 elementor-widget__width-initial elementor-widget elementor-widget-deon_core_section_title\" data-id=\"c612d40\" data-element_type=\"widget\" data-e-type=\"widget\" data-widget_type=\"deon_core_section_title.default\">\n\t\t\t\t<div class=\"elementor-widget-container\">\n\t\t\t\t\t<div class=\"qodef-shortcode qodef-m  qodef-section-title qodef-alignment--center  qodef--has-appear\">\n\t\t\t<h2 class=\"qodef-m-title\" style=\"color: #FFFFFF;background-image: -webkit-linear-gradient(45deg,#5CC3EE 0%, #5D91EF 29%, #4286F4 50%, #7F7FD5 73%, #86A8E7 100%);-webkit-background-clip: text; -webkit-text-fill-color: transparent;;margin-top:-3px;\">\n\t\t\t\t\tNotre organisation est complexe tout<br \/> en restant agile, visant<br \/> la qualit\u00e9 du service, la recherche et l\u2019innovation, avec plus de 30 ann\u00e9es d\u2019exp\u00e9rience.\t\t\t<\/h2>\n\t\t\t<\/div>\n\t\t\t\t<\/div>\n\t\t\t\t<\/div>\n\t\t\t\t\t<\/div>\n\t\t<\/div>\n\t\t\t\t\t<\/div>\n\t\t<\/section>\n\t\t\t\t<section class=\"elementor-section elementor-top-section elementor-element elementor-element-efd1e7e elementor-section-full_width elementor-section-height-default elementor-section-height-default qodef-elementor-content-no\" data-id=\"efd1e7e\" data-element_type=\"section\" data-e-type=\"section\" data-settings=\"{&quot;background_background&quot;:&quot;classic&quot;}\">\n\t\t\t\t\t\t<div class=\"elementor-container elementor-column-gap-default\">\n\t\t\t\t\t<div class=\"elementor-column elementor-col-100 elementor-top-column elementor-element elementor-element-f879e4c qodef-gradient-background-column--no\" data-id=\"f879e4c\" data-element_type=\"column\" data-e-type=\"column\">\n\t\t\t<div class=\"elementor-widget-wrap elementor-element-populated\">\n\t\t\t\t\t\t<div class=\"elementor-element elementor-element-83ade6d elementor-widget elementor-widget-image\" data-id=\"83ade6d\" data-element_type=\"widget\" data-e-type=\"widget\" data-widget_type=\"image.default\">\n\t\t\t\t<div class=\"elementor-widget-container\">\n\t\t\t\t\t\t\t\t\t\t\t\t\t\t\t<img decoding=\"async\" width=\"400\" height=\"80\" src=\"https:\/\/ecoprogramflotte.com\/wp-content\/uploads\/2022\/05\/ecoprogram-flotte-logo-white.png\" class=\"attachment-large size-large wp-image-14583\" alt=\"\" srcset=\"https:\/\/ecoprogramflotte.com\/wp-content\/uploads\/2022\/05\/ecoprogram-flotte-logo-white.png 400w, https:\/\/ecoprogramflotte.com\/wp-content\/uploads\/2022\/05\/ecoprogram-flotte-logo-white-300x60.png 300w\" sizes=\"(max-width: 400px) 100vw, 400px\" \/>\t\t\t\t\t\t\t\t\t\t\t\t\t\t\t<\/div>\n\t\t\t\t<\/div>\n\t\t\t\t\t<\/div>\n\t\t<\/div>\n\t\t\t\t\t<\/div>\n\t\t<\/section>\n\t\t\t\t<\/div>\n\t\t","protected":false},"excerpt":{"rendered":"<p>Plus de 30 ans d\u2019exp\u00e9rience Ecoprogram Flotte est leader en Italie dans la fourniture de services logistiques et compl\u00e9mentaires au secteur automobile. Le r\u00e9seau logistique couvre l\u2019ensemble du territoire national gr\u00e2ce \u00e0 35 plateformes (hubs) pour 1.400.000 m\u00e8tres carr\u00e9s de surface, situ\u00e9es le long des axes autoroutiers les plus importants. Ecoprogram Flotte Ecoprogram Flotte, fort [&hellip;]<\/p>\n","protected":false},"author":2,"featured_media":0,"parent":0,"menu_order":0,"comment_status":"closed","ping_status":"closed","template":"page-full-width.php","meta":{"_acf_changed":false,"footnotes":""},"class_list":["post-15034","page","type-page","status-publish","hentry"],"acf":[],"yoast_head":"<!-- This site is optimized with the Yoast SEO plugin v27.4 - https:\/\/yoast.com\/product\/yoast-seo-wordpress\/ -->\n<title>Profil - Eco Program Flotte S.p.A.<\/title>\n<meta name=\"description\" content=\"La soci\u00e9t\u00e9 travaille aux c\u00f4t\u00e9s de groupes internationaux comme Arval, Ald Automotive, Leasys, BNP Paribas, Unipol Rental, LeasePlan.\" \/>\n<meta name=\"robots\" content=\"index, follow, max-snippet:-1, max-image-preview:large, max-video-preview:-1\" \/>\n<link rel=\"canonical\" href=\"https:\/\/ecoprogramflotte.com\/fr\/profil\/\" \/>\n<meta property=\"og:locale\" content=\"fr_FR\" \/>\n<meta property=\"og:type\" content=\"article\" \/>\n<meta property=\"og:title\" content=\"Profil - Eco Program Flotte S.p.A.\" \/>\n<meta property=\"og:description\" content=\"La soci\u00e9t\u00e9 travaille aux c\u00f4t\u00e9s de groupes internationaux comme Arval, Ald Automotive, Leasys, BNP Paribas, Unipol Rental, LeasePlan.\" \/>\n<meta property=\"og:url\" content=\"https:\/\/ecoprogramflotte.com\/fr\/profil\/\" \/>\n<meta property=\"og:site_name\" content=\"Eco Program Flotte S.p.A.\" \/>\n<meta property=\"article:modified_time\" content=\"2024-07-09T12:24:45+00:00\" \/>\n<meta property=\"og:image\" content=\"https:\/\/ecoprogramflotte.com\/wp-content\/uploads\/2022\/06\/piazzale-auto-profilo-ecoprogram-flotte.jpg\" \/>\n<meta name=\"twitter:card\" content=\"summary_large_image\" \/>\n<meta name=\"twitter:label1\" content=\"Dur\u00e9e de lecture estim\u00e9e\" \/>\n\t<meta name=\"twitter:data1\" content=\"2 minutes\" \/>\n<script type=\"application\/ld+json\" class=\"yoast-schema-graph\">{\"@context\":\"https:\\\/\\\/schema.org\",\"@graph\":[{\"@type\":\"WebPage\",\"@id\":\"https:\\\/\\\/ecoprogramflotte.com\\\/fr\\\/profil\\\/\",\"url\":\"https:\\\/\\\/ecoprogramflotte.com\\\/fr\\\/profil\\\/\",\"name\":\"Profil - Eco Program Flotte S.p.A.\",\"isPartOf\":{\"@id\":\"https:\\\/\\\/ecoprogramflotte.com\\\/fr\\\/#website\"},\"primaryImageOfPage\":{\"@id\":\"https:\\\/\\\/ecoprogramflotte.com\\\/fr\\\/profil\\\/#primaryimage\"},\"image\":{\"@id\":\"https:\\\/\\\/ecoprogramflotte.com\\\/fr\\\/profil\\\/#primaryimage\"},\"thumbnailUrl\":\"https:\\\/\\\/ecoprogramflotte.com\\\/wp-content\\\/uploads\\\/2022\\\/06\\\/piazzale-auto-profilo-ecoprogram-flotte.jpg\",\"datePublished\":\"2022-04-26T07:49:19+00:00\",\"dateModified\":\"2024-07-09T12:24:45+00:00\",\"description\":\"La soci\u00e9t\u00e9 travaille aux c\u00f4t\u00e9s de groupes internationaux comme Arval, Ald Automotive, Leasys, BNP Paribas, Unipol Rental, LeasePlan.\",\"breadcrumb\":{\"@id\":\"https:\\\/\\\/ecoprogramflotte.com\\\/fr\\\/profil\\\/#breadcrumb\"},\"inLanguage\":\"fr-FR\",\"potentialAction\":[{\"@type\":\"ReadAction\",\"target\":[\"https:\\\/\\\/ecoprogramflotte.com\\\/fr\\\/profil\\\/\"]}]},{\"@type\":\"ImageObject\",\"inLanguage\":\"fr-FR\",\"@id\":\"https:\\\/\\\/ecoprogramflotte.com\\\/fr\\\/profil\\\/#primaryimage\",\"url\":\"https:\\\/\\\/ecoprogramflotte.com\\\/wp-content\\\/uploads\\\/2022\\\/06\\\/piazzale-auto-profilo-ecoprogram-flotte.jpg\",\"contentUrl\":\"https:\\\/\\\/ecoprogramflotte.com\\\/wp-content\\\/uploads\\\/2022\\\/06\\\/piazzale-auto-profilo-ecoprogram-flotte.jpg\"},{\"@type\":\"BreadcrumbList\",\"@id\":\"https:\\\/\\\/ecoprogramflotte.com\\\/fr\\\/profil\\\/#breadcrumb\",\"itemListElement\":[{\"@type\":\"ListItem\",\"position\":1,\"name\":\"Home\",\"item\":\"https:\\\/\\\/ecoprogramflotte.com\\\/fr\\\/\"},{\"@type\":\"ListItem\",\"position\":2,\"name\":\"Profil\"}]},{\"@type\":\"WebSite\",\"@id\":\"https:\\\/\\\/ecoprogramflotte.com\\\/fr\\\/#website\",\"url\":\"https:\\\/\\\/ecoprogramflotte.com\\\/fr\\\/\",\"name\":\"Eco Program Flotte S.p.A.\",\"description\":\"Think beyond\",\"potentialAction\":[{\"@type\":\"SearchAction\",\"target\":{\"@type\":\"EntryPoint\",\"urlTemplate\":\"https:\\\/\\\/ecoprogramflotte.com\\\/fr\\\/?s={search_term_string}\"},\"query-input\":{\"@type\":\"PropertyValueSpecification\",\"valueRequired\":true,\"valueName\":\"search_term_string\"}}],\"inLanguage\":\"fr-FR\"}]}<\/script>\n<!-- \/ Yoast SEO plugin. -->","yoast_head_json":{"title":"Profil - Eco Program Flotte S.p.A.","description":"La soci\u00e9t\u00e9 travaille aux c\u00f4t\u00e9s de groupes internationaux comme Arval, Ald Automotive, Leasys, BNP Paribas, Unipol Rental, LeasePlan.","robots":{"index":"index","follow":"follow","max-snippet":"max-snippet:-1","max-image-preview":"max-image-preview:large","max-video-preview":"max-video-preview:-1"},"canonical":"https:\/\/ecoprogramflotte.com\/fr\/profil\/","og_locale":"fr_FR","og_type":"article","og_title":"Profil - Eco Program Flotte S.p.A.","og_description":"La soci\u00e9t\u00e9 travaille aux c\u00f4t\u00e9s de groupes internationaux comme Arval, Ald Automotive, Leasys, BNP Paribas, Unipol Rental, LeasePlan.","og_url":"https:\/\/ecoprogramflotte.com\/fr\/profil\/","og_site_name":"Eco Program Flotte S.p.A.","article_modified_time":"2024-07-09T12:24:45+00:00","og_image":[{"url":"https:\/\/ecoprogramflotte.com\/wp-content\/uploads\/2022\/06\/piazzale-auto-profilo-ecoprogram-flotte.jpg","type":"","width":"","height":""}],"twitter_card":"summary_large_image","twitter_misc":{"Dur\u00e9e de lecture estim\u00e9e":"2 minutes"},"schema":{"@context":"https:\/\/schema.org","@graph":[{"@type":"WebPage","@id":"https:\/\/ecoprogramflotte.com\/fr\/profil\/","url":"https:\/\/ecoprogramflotte.com\/fr\/profil\/","name":"Profil - Eco Program Flotte S.p.A.","isPartOf":{"@id":"https:\/\/ecoprogramflotte.com\/fr\/#website"},"primaryImageOfPage":{"@id":"https:\/\/ecoprogramflotte.com\/fr\/profil\/#primaryimage"},"image":{"@id":"https:\/\/ecoprogramflotte.com\/fr\/profil\/#primaryimage"},"thumbnailUrl":"https:\/\/ecoprogramflotte.com\/wp-content\/uploads\/2022\/06\/piazzale-auto-profilo-ecoprogram-flotte.jpg","datePublished":"2022-04-26T07:49:19+00:00","dateModified":"2024-07-09T12:24:45+00:00","description":"La soci\u00e9t\u00e9 travaille aux c\u00f4t\u00e9s de groupes internationaux comme Arval, Ald Automotive, Leasys, BNP Paribas, Unipol Rental, LeasePlan.","breadcrumb":{"@id":"https:\/\/ecoprogramflotte.com\/fr\/profil\/#breadcrumb"},"inLanguage":"fr-FR","potentialAction":[{"@type":"ReadAction","target":["https:\/\/ecoprogramflotte.com\/fr\/profil\/"]}]},{"@type":"ImageObject","inLanguage":"fr-FR","@id":"https:\/\/ecoprogramflotte.com\/fr\/profil\/#primaryimage","url":"https:\/\/ecoprogramflotte.com\/wp-content\/uploads\/2022\/06\/piazzale-auto-profilo-ecoprogram-flotte.jpg","contentUrl":"https:\/\/ecoprogramflotte.com\/wp-content\/uploads\/2022\/06\/piazzale-auto-profilo-ecoprogram-flotte.jpg"},{"@type":"BreadcrumbList","@id":"https:\/\/ecoprogramflotte.com\/fr\/profil\/#breadcrumb","itemListElement":[{"@type":"ListItem","position":1,"name":"Home","item":"https:\/\/ecoprogramflotte.com\/fr\/"},{"@type":"ListItem","position":2,"name":"Profil"}]},{"@type":"WebSite","@id":"https:\/\/ecoprogramflotte.com\/fr\/#website","url":"https:\/\/ecoprogramflotte.com\/fr\/","name":"Eco Program Flotte S.p.A.","description":"Think beyond","potentialAction":[{"@type":"SearchAction","target":{"@type":"EntryPoint","urlTemplate":"https:\/\/ecoprogramflotte.com\/fr\/?s={search_term_string}"},"query-input":{"@type":"PropertyValueSpecification","valueRequired":true,"valueName":"search_term_string"}}],"inLanguage":"fr-FR"}]}},"_links":{"self":[{"href":"https:\/\/ecoprogramflotte.com\/fr\/wp-json\/wp\/v2\/pages\/15034","targetHints":{"allow":["GET"]}}],"collection":[{"href":"https:\/\/ecoprogramflotte.com\/fr\/wp-json\/wp\/v2\/pages"}],"about":[{"href":"https:\/\/ecoprogramflotte.com\/fr\/wp-json\/wp\/v2\/types\/page"}],"author":[{"embeddable":true,"href":"https:\/\/ecoprogramflotte.com\/fr\/wp-json\/wp\/v2\/users\/2"}],"replies":[{"embeddable":true,"href":"https:\/\/ecoprogramflotte.com\/fr\/wp-json\/wp\/v2\/comments?post=15034"}],"version-history":[{"count":19,"href":"https:\/\/ecoprogramflotte.com\/fr\/wp-json\/wp\/v2\/pages\/15034\/revisions"}],"predecessor-version":[{"id":15724,"href":"https:\/\/ecoprogramflotte.com\/fr\/wp-json\/wp\/v2\/pages\/15034\/revisions\/15724"}],"wp:attachment":[{"href":"https:\/\/ecoprogramflotte.com\/fr\/wp-json\/wp\/v2\/media?parent=15034"}],"curies":[{"name":"wp","href":"https:\/\/api.w.org\/{rel}","templated":true}]}}