{"id":15039,"date":"2022-04-13T11:42:53","date_gmt":"2022-04-13T09:42:53","guid":{"rendered":"https:\/\/ecoprogramflotte.com\/privacy\/"},"modified":"2022-07-26T11:29:54","modified_gmt":"2022-07-26T09:29:54","slug":"privacy","status":"publish","type":"page","link":"https:\/\/ecoprogramflotte.com\/fr\/privacy\/","title":{"rendered":"Privacy"},"content":{"rendered":"<p id=\"matomo_opted_out_intro\" style=\"display:none;\">Cookie d&#039;exclusion install\u00e9. Vos visites sur ce site web ne seront PAS enregistr\u00e9es par notre outil d&#039;analyse web. Note\u00a0: si vous nettoyez vos cookies et supprimez le cookie d&#039;exclusion, ou bien si vous changez d&#039;ordinateur et\/ou de navigateur, il vous faudra de nouveau effectuer la proc\u00e9dure d&#039;exclusion.<\/p><p id=\"matomo_opted_in_intro\" >Vous pouvez vous opposer au suivi de votre navigation sur ce site web. Cela prot\u00e9gera votre vie priv\u00e9e, mais emp\u00eachera \u00e9galement le propri\u00e9taire d&#039;apprendre de vos actions et de cr\u00e9er une meilleure exp\u00e9rience pour vous et les autres utilisateurs.<\/p><form>\n        <input type=\"checkbox\" id=\"matomo_optout_checkbox\" checked=\"checked\"\/>\n        <label for=\"matomo_optout_checkbox\"><strong>\n        <span id=\"matomo_opted_in_label\" >Vous n&#039;\u00eates pas exclu(e). D\u00e9cochez cette case pour vous exclure.<\/span>\n\t\t<span id=\"matomo_opted_out_label\" style=\"display:none;\">Vous n&#039;\u00eates actuellement pas suivi(e). Cochez cette case si vous acceptez d&#039;\u00eatre suivi.<\/span>\n        <\/strong><\/label><\/form><noscript><p><strong style=\"color: #ff0000;\">This opt out feature requires JavaScript.<\/strong><\/p><\/noscript><p id=\"matomo_outout_err_cookies\" style=\"display: none;\"><strong>La fonctionnalit\u00e9 de d\u00e9sactivation du suivi n\u00e9cessite que les cookies soient autoris\u00e9s.<\/strong><\/p>\n<p><a href=\"https:\/\/www.iubenda.com\/privacy-policy\/44602646\" class=\"iubenda-white no-brand iubenda-noiframe iubenda-embed iubenda-noiframe iub-body-embed\" title=\"Politique de confidentialit\u00e9\">Politique de confidentialit\u00e9<\/a><script type=\"text\/javascript\">(function (w,d) {var loader = function () {var s = d.createElement(\"script\"), tag = d.getElementsByTagName(\"script\")[0]; s.src=\"https:\/\/cdn.iubenda.com\/iubenda.js\"; tag.parentNode.insertBefore(s,tag);}; if(w.addEventListener){w.addEventListener(\"load\", loader, false);}else if(w.attachEvent){w.attachEvent(\"onload\", loader);}else{w.onload = loader;}})(window, document);<\/script><\/p>\n","protected":false},"excerpt":{"rendered":"<p>Politique de confidentialit\u00e9<\/p>\n","protected":false},"author":2,"featured_media":0,"parent":0,"menu_order":0,"comment_status":"closed","ping_status":"closed","template":"","meta":{"_acf_changed":false,"footnotes":""},"class_list":["post-15039","page","type-page","status-publish","hentry"],"acf":[],"yoast_head":"<!-- This site is optimized with the Yoast SEO plugin v27.4 - https:\/\/yoast.com\/product\/yoast-seo-wordpress\/ -->\n<title>Privacy - Eco Program Flotte S.p.A.<\/title>\n<meta name=\"robots\" content=\"index, follow, max-snippet:-1, max-image-preview:large, max-video-preview:-1\" \/>\n<link rel=\"canonical\" href=\"https:\/\/ecoprogramflotte.com\/fr\/privacy\/\" \/>\n<meta property=\"og:locale\" content=\"fr_FR\" \/>\n<meta property=\"og:type\" content=\"article\" \/>\n<meta property=\"og:title\" content=\"Privacy - Eco Program Flotte S.p.A.\" \/>\n<meta property=\"og:description\" content=\"Politique de confidentialit\u00e9\" \/>\n<meta property=\"og:url\" content=\"https:\/\/ecoprogramflotte.com\/fr\/privacy\/\" \/>\n<meta property=\"og:site_name\" content=\"Eco Program Flotte S.p.A.\" \/>\n<meta property=\"article:modified_time\" content=\"2022-07-26T09:29:54+00:00\" \/>\n<meta name=\"twitter:card\" content=\"summary_large_image\" \/>\n<meta name=\"twitter:label1\" content=\"Dur\u00e9e de lecture estim\u00e9e\" \/>\n\t<meta name=\"twitter:data1\" content=\"1 minute\" \/>\n<script type=\"application\/ld+json\" class=\"yoast-schema-graph\">{\"@context\":\"https:\\\/\\\/schema.org\",\"@graph\":[{\"@type\":\"WebPage\",\"@id\":\"https:\\\/\\\/ecoprogramflotte.com\\\/fr\\\/privacy\\\/\",\"url\":\"https:\\\/\\\/ecoprogramflotte.com\\\/fr\\\/privacy\\\/\",\"name\":\"Privacy - Eco Program Flotte S.p.A.\",\"isPartOf\":{\"@id\":\"https:\\\/\\\/ecoprogramflotte.com\\\/fr\\\/#website\"},\"datePublished\":\"2022-04-13T09:42:53+00:00\",\"dateModified\":\"2022-07-26T09:29:54+00:00\",\"breadcrumb\":{\"@id\":\"https:\\\/\\\/ecoprogramflotte.com\\\/fr\\\/privacy\\\/#breadcrumb\"},\"inLanguage\":\"fr-FR\",\"potentialAction\":[{\"@type\":\"ReadAction\",\"target\":[\"https:\\\/\\\/ecoprogramflotte.com\\\/fr\\\/privacy\\\/\"]}]},{\"@type\":\"BreadcrumbList\",\"@id\":\"https:\\\/\\\/ecoprogramflotte.com\\\/fr\\\/privacy\\\/#breadcrumb\",\"itemListElement\":[{\"@type\":\"ListItem\",\"position\":1,\"name\":\"Home\",\"item\":\"https:\\\/\\\/ecoprogramflotte.com\\\/fr\\\/\"},{\"@type\":\"ListItem\",\"position\":2,\"name\":\"Privacy\"}]},{\"@type\":\"WebSite\",\"@id\":\"https:\\\/\\\/ecoprogramflotte.com\\\/fr\\\/#website\",\"url\":\"https:\\\/\\\/ecoprogramflotte.com\\\/fr\\\/\",\"name\":\"Eco Program Flotte S.p.A.\",\"description\":\"Think beyond\",\"potentialAction\":[{\"@type\":\"SearchAction\",\"target\":{\"@type\":\"EntryPoint\",\"urlTemplate\":\"https:\\\/\\\/ecoprogramflotte.com\\\/fr\\\/?s={search_term_string}\"},\"query-input\":{\"@type\":\"PropertyValueSpecification\",\"valueRequired\":true,\"valueName\":\"search_term_string\"}}],\"inLanguage\":\"fr-FR\"}]}<\/script>\n<!-- \/ Yoast SEO plugin. -->","yoast_head_json":{"title":"Privacy - Eco Program Flotte S.p.A.","robots":{"index":"index","follow":"follow","max-snippet":"max-snippet:-1","max-image-preview":"max-image-preview:large","max-video-preview":"max-video-preview:-1"},"canonical":"https:\/\/ecoprogramflotte.com\/fr\/privacy\/","og_locale":"fr_FR","og_type":"article","og_title":"Privacy - Eco Program Flotte S.p.A.","og_description":"Politique de confidentialit\u00e9","og_url":"https:\/\/ecoprogramflotte.com\/fr\/privacy\/","og_site_name":"Eco Program Flotte S.p.A.","article_modified_time":"2022-07-26T09:29:54+00:00","twitter_card":"summary_large_image","twitter_misc":{"Dur\u00e9e de lecture estim\u00e9e":"1 minute"},"schema":{"@context":"https:\/\/schema.org","@graph":[{"@type":"WebPage","@id":"https:\/\/ecoprogramflotte.com\/fr\/privacy\/","url":"https:\/\/ecoprogramflotte.com\/fr\/privacy\/","name":"Privacy - Eco Program Flotte S.p.A.","isPartOf":{"@id":"https:\/\/ecoprogramflotte.com\/fr\/#website"},"datePublished":"2022-04-13T09:42:53+00:00","dateModified":"2022-07-26T09:29:54+00:00","breadcrumb":{"@id":"https:\/\/ecoprogramflotte.com\/fr\/privacy\/#breadcrumb"},"inLanguage":"fr-FR","potentialAction":[{"@type":"ReadAction","target":["https:\/\/ecoprogramflotte.com\/fr\/privacy\/"]}]},{"@type":"BreadcrumbList","@id":"https:\/\/ecoprogramflotte.com\/fr\/privacy\/#breadcrumb","itemListElement":[{"@type":"ListItem","position":1,"name":"Home","item":"https:\/\/ecoprogramflotte.com\/fr\/"},{"@type":"ListItem","position":2,"name":"Privacy"}]},{"@type":"WebSite","@id":"https:\/\/ecoprogramflotte.com\/fr\/#website","url":"https:\/\/ecoprogramflotte.com\/fr\/","name":"Eco Program Flotte S.p.A.","description":"Think beyond","potentialAction":[{"@type":"SearchAction","target":{"@type":"EntryPoint","urlTemplate":"https:\/\/ecoprogramflotte.com\/fr\/?s={search_term_string}"},"query-input":{"@type":"PropertyValueSpecification","valueRequired":true,"valueName":"search_term_string"}}],"inLanguage":"fr-FR"}]}},"_links":{"self":[{"href":"https:\/\/ecoprogramflotte.com\/fr\/wp-json\/wp\/v2\/pages\/15039","targetHints":{"allow":["GET"]}}],"collection":[{"href":"https:\/\/ecoprogramflotte.com\/fr\/wp-json\/wp\/v2\/pages"}],"about":[{"href":"https:\/\/ecoprogramflotte.com\/fr\/wp-json\/wp\/v2\/types\/page"}],"author":[{"embeddable":true,"href":"https:\/\/ecoprogramflotte.com\/fr\/wp-json\/wp\/v2\/users\/2"}],"replies":[{"embeddable":true,"href":"https:\/\/ecoprogramflotte.com\/fr\/wp-json\/wp\/v2\/comments?post=15039"}],"version-history":[{"count":2,"href":"https:\/\/ecoprogramflotte.com\/fr\/wp-json\/wp\/v2\/pages\/15039\/revisions"}],"predecessor-version":[{"id":15311,"href":"https:\/\/ecoprogramflotte.com\/fr\/wp-json\/wp\/v2\/pages\/15039\/revisions\/15311"}],"wp:attachment":[{"href":"https:\/\/ecoprogramflotte.com\/fr\/wp-json\/wp\/v2\/media?parent=15039"}],"curies":[{"name":"wp","href":"https:\/\/api.w.org\/{rel}","templated":true}]}}