{"id":15123,"date":"2022-05-18T10:53:30","date_gmt":"2022-05-18T08:53:30","guid":{"rendered":"https:\/\/ecoprogramflotte.com\/qualite\/"},"modified":"2022-07-25T14:29:50","modified_gmt":"2022-07-25T12:29:50","slug":"qualite","status":"publish","type":"page","link":"https:\/\/ecoprogramflotte.com\/fr\/qualite\/","title":{"rendered":"Qualit\u00e9"},"content":{"rendered":"\t\t<div data-elementor-type=\"wp-page\" data-elementor-id=\"15123\" class=\"elementor elementor-15123 elementor-13080\">\n\t\t\t\t\t\t<section class=\"elementor-section elementor-top-section elementor-element elementor-element-3cad932 elementor-section-full_width elementor-section-height-default elementor-section-height-default qodef-elementor-content-no\" data-id=\"3cad932\" data-element_type=\"section\" data-e-type=\"section\">\n\t\t\t\t\t\t<div class=\"elementor-container elementor-column-gap-default\">\n\t\t\t\t\t<div class=\"elementor-column elementor-col-100 elementor-top-column elementor-element elementor-element-0d8c14e qodef-gradient-background-column--no\" data-id=\"0d8c14e\" data-element_type=\"column\" data-e-type=\"column\">\n\t\t\t<div class=\"elementor-widget-wrap elementor-element-populated\">\n\t\t\t\t\t\t<div class=\"elementor-element elementor-element-bc54ef4 elementor-widget__width-initial elementor-widget-mobile__width-inherit elementor-widget elementor-widget-deon_core_section_title\" data-id=\"bc54ef4\" data-element_type=\"widget\" data-e-type=\"widget\" data-widget_type=\"deon_core_section_title.default\">\n\t\t\t\t<div class=\"elementor-widget-container\">\n\t\t\t\t\t<div class=\"qodef-shortcode qodef-m  qodef-section-title qodef-alignment--left  qodef--has-appear\">\n\t\t\t<h1 class=\"qodef-m-title\" style=\"background-image: -webkit-linear-gradient(45deg,#5cc3ee 0%, #5d91ef 29%, #7F7FD5 50%, #86A8E7 73%, #4286F4 100%);-webkit-background-clip: text; -webkit-text-fill-color: transparent;\">\n\t\t\t\t\tUne culture de la<br \/> qualit\u00e9\t\t\t<\/h1>\n\t\t\t<\/div>\n\t\t\t\t<\/div>\n\t\t\t\t<\/div>\n\t\t\t\t<div class=\"elementor-element elementor-element-946dbff elementor-widget elementor-widget-text-editor\" data-id=\"946dbff\" data-element_type=\"widget\" data-e-type=\"widget\" data-widget_type=\"text-editor.default\">\n\t\t\t\t<div class=\"elementor-widget-container\">\n\t\t\t\t\t\t\t\t\tLa <strong>qualit\u00e9<\/strong> d\u2019<strong>Ecoprogram<\/strong> Flotte proc\u00e8de d\u2019un syst\u00e8me circulaire, qui se nourrit d\u2019une organisation rigoureuse et oriente en permanence l\u2019entreprise vers de nouveaux <strong>objectifs<\/strong> d\u2019<strong>am\u00e9lioration<\/strong> des <strong>services<\/strong>.\t\t\t\t\t\t\t\t<\/div>\n\t\t\t\t<\/div>\n\t\t\t\t\t<\/div>\n\t\t<\/div>\n\t\t\t\t\t<\/div>\n\t\t<\/section>\n\t\t\t\t<section class=\"elementor-section elementor-top-section elementor-element elementor-element-f722869 elementor-section-full_width qodef-elementor-content-grid qodef-extended-grid qodef-extended-grid--left elementor-section-height-default elementor-section-height-default\" data-id=\"f722869\" data-element_type=\"section\" data-e-type=\"section\">\n\t\t\t\t\t\t<div class=\"elementor-container elementor-column-gap-no\">\n\t\t\t\t\t<div class=\"elementor-column elementor-col-50 elementor-top-column elementor-element elementor-element-21aceee qodef-gradient-background-column--no\" data-id=\"21aceee\" data-element_type=\"column\" data-e-type=\"column\">\n\t\t\t<div class=\"elementor-widget-wrap elementor-element-populated\">\n\t\t\t\t\t\t<div class=\"elementor-element elementor-element-58138b1 elementor-widget elementor-widget-deon_core_single_image\" data-id=\"58138b1\" data-element_type=\"widget\" data-e-type=\"widget\" data-widget_type=\"deon_core_single_image.default\">\n\t\t\t\t<div class=\"elementor-widget-container\">\n\t\t\t\t\t<div class=\"qodef-shortcode qodef-m  qodef-single-image qodef-layout--default qodef-parallax-item  \" >\n\t\t<div class=\"qodef-m-image \">\n\t\t\t\t\t<img fetchpriority=\"high\" decoding=\"async\" width=\"1024\" height=\"689\" src=\"https:\/\/ecoprogramflotte.com\/wp-content\/uploads\/2022\/06\/miglioramento-servizi-qualita-ecoprogram-flotte.jpg\" class=\"attachment-full size-full\" alt=\"miglioramento servizi qualita ecoprogram flotte\" srcset=\"https:\/\/ecoprogramflotte.com\/wp-content\/uploads\/2022\/06\/miglioramento-servizi-qualita-ecoprogram-flotte.jpg 1024w, https:\/\/ecoprogramflotte.com\/wp-content\/uploads\/2022\/06\/miglioramento-servizi-qualita-ecoprogram-flotte-300x202.jpg 300w, https:\/\/ecoprogramflotte.com\/wp-content\/uploads\/2022\/06\/miglioramento-servizi-qualita-ecoprogram-flotte-768x517.jpg 768w\" sizes=\"(max-width: 1024px) 100vw, 1024px\" \/>\t\t\t<\/div>\n<\/div>\n\t\t\t\t<\/div>\n\t\t\t\t<\/div>\n\t\t\t\t\t<\/div>\n\t\t<\/div>\n\t\t\t\t<div class=\"elementor-column elementor-col-50 elementor-top-column elementor-element elementor-element-c9ce416 qodef-gradient-background-column--no\" data-id=\"c9ce416\" data-element_type=\"column\" data-e-type=\"column\">\n\t\t\t<div class=\"elementor-widget-wrap elementor-element-populated\">\n\t\t\t\t\t\t<div class=\"elementor-element elementor-element-f641721 elementor-widget elementor-widget-deon_core_section_title\" data-id=\"f641721\" data-element_type=\"widget\" data-e-type=\"widget\" data-widget_type=\"deon_core_section_title.default\">\n\t\t\t\t<div class=\"elementor-widget-container\">\n\t\t\t\t\t<div class=\"qodef-shortcode qodef-m  qodef-section-title qodef-alignment--left  \">\n\t\t\t<h3 class=\"qodef-m-title\" style=\"margin-top:9px;\">\n\t\t\t\t\tInnovation et<br \/> qualit\u00e9 des services\t\t\t<\/h3>\n\t\t\t<\/div>\n\t\t\t\t<\/div>\n\t\t\t\t<\/div>\n\t\t\t\t<div class=\"elementor-element elementor-element-3555b1e elementor-widget elementor-widget-text-editor\" data-id=\"3555b1e\" data-element_type=\"widget\" data-e-type=\"widget\" data-widget_type=\"text-editor.default\">\n\t\t\t\t<div class=\"elementor-widget-container\">\n\t\t\t\t\t\t\t\t\tLa <strong>culture de la qualit\u00e9<\/strong> et de l\u2019innovation sont les concepts cl\u00e9s appliqu\u00e9s par <strong>Ecoprogram Flotte<\/strong>, o\u00f9 la qualit\u00e9 ne signifie pas seulement offrir un service irr\u00e9prochable, mais aussi et surtout<strong> g\u00e9rer les processus m\u00e9tiers<\/strong> et les partager avec ceux qui travaillent avec nous.\t\t\t\t\t\t\t\t<\/div>\n\t\t\t\t<\/div>\n\t\t\t\t\t<\/div>\n\t\t<\/div>\n\t\t\t\t\t<\/div>\n\t\t<\/section>\n\t\t\t\t<section class=\"elementor-section elementor-top-section elementor-element elementor-element-bfecc1e elementor-section-full_width qodef-elementor-content-grid elementor-section-height-default elementor-section-height-default\" data-id=\"bfecc1e\" data-element_type=\"section\" data-e-type=\"section\">\n\t\t\t\t\t\t<div class=\"elementor-container elementor-column-gap-default\">\n\t\t\t\t\t<div class=\"elementor-column elementor-col-100 elementor-top-column elementor-element elementor-element-0b66137 qodef-gradient-background-column--no\" data-id=\"0b66137\" data-element_type=\"column\" data-e-type=\"column\">\n\t\t\t<div class=\"elementor-widget-wrap elementor-element-populated\">\n\t\t\t\t\t\t<div class=\"elementor-element elementor-element-2593d92 elementor-widget elementor-widget-deon_core_section_title\" data-id=\"2593d92\" data-element_type=\"widget\" data-e-type=\"widget\" data-widget_type=\"deon_core_section_title.default\">\n\t\t\t\t<div class=\"elementor-widget-container\">\n\t\t\t\t\t<div class=\"qodef-shortcode qodef-m  qodef-section-title qodef-alignment--center  \">\n\t\t\t<h2 class=\"qodef-m-title\" style=\"background-image: -webkit-linear-gradient(45deg,#5cc3ee 0%, #5d91ef 29%, #5e5ef0 50%, #86A8E7 73%, #4286F4 100%);-webkit-background-clip: text; -webkit-text-fill-color: transparent;\">\n\t\t\t\t\t La formation permet de mieux conduire les processus m\u00e9tier pour g\u00e9rer la complexit\u00e9 et la personnalisation des services, mais aussi \u00e9viter le gaspillage de ressources.\t\t\t<\/h2>\n\t\t\t<\/div>\n\t\t\t\t<\/div>\n\t\t\t\t<\/div>\n\t\t\t\t\t<\/div>\n\t\t<\/div>\n\t\t\t\t\t<\/div>\n\t\t<\/section>\n\t\t\t\t<section class=\"elementor-section elementor-top-section elementor-element elementor-element-1c3573a elementor-section-full_width qodef-elementor-content-grid qodef-extended-grid qodef-extended-grid--right elementor-reverse-tablet elementor-reverse-mobile elementor-section-height-default elementor-section-height-default\" data-id=\"1c3573a\" data-element_type=\"section\" data-e-type=\"section\">\n\t\t\t\t\t\t<div class=\"elementor-container elementor-column-gap-no\">\n\t\t\t\t\t<div class=\"elementor-column elementor-col-50 elementor-top-column elementor-element elementor-element-311c2f0 qodef-gradient-background-column--no\" data-id=\"311c2f0\" data-element_type=\"column\" data-e-type=\"column\">\n\t\t\t<div class=\"elementor-widget-wrap elementor-element-populated\">\n\t\t\t\t\t\t<div class=\"elementor-element elementor-element-1fb738c elementor-widget elementor-widget-deon_core_section_title\" data-id=\"1fb738c\" data-element_type=\"widget\" data-e-type=\"widget\" data-widget_type=\"deon_core_section_title.default\">\n\t\t\t\t<div class=\"elementor-widget-container\">\n\t\t\t\t\t<div class=\"qodef-shortcode qodef-m  qodef-section-title qodef-alignment--left  \">\n\t\t\t<h3 class=\"qodef-m-title\" style=\"margin-top:9px;\">\n\t\t\t\t\tLa culture<br \/> de la qualit\u00e9\t\t\t<\/h3>\n\t\t\t<\/div>\n\t\t\t\t<\/div>\n\t\t\t\t<\/div>\n\t\t\t\t<div class=\"elementor-element elementor-element-4726ec4 elementor-widget elementor-widget-text-editor\" data-id=\"4726ec4\" data-element_type=\"widget\" data-e-type=\"widget\" data-widget_type=\"text-editor.default\">\n\t\t\t\t<div class=\"elementor-widget-container\">\n\t\t\t\t\t\t\t\t\t<p>La <strong>direction de l\u2019entreprise<\/strong> est ax\u00e9e sur la <strong>qualit\u00e9<\/strong> dans les <strong>d\u00e9cisions commerciales<\/strong> et implique chaque employ\u00e9, collaborateur, fournisseur et client confront\u00e9 aux services propos\u00e9s.<\/p><p>Les \u00e9l\u00e9ments cl\u00e9s pour parler d\u2019une <strong>culture de la qualit\u00e9<\/strong> sont la <strong>responsabilit\u00e9<\/strong>, la <strong>connaissance<\/strong> et la <strong>formation<\/strong>, qui favorisent un comportement bas\u00e9 sur la <strong>collaboration<\/strong> et l\u2019<strong>am\u00e9lioration<\/strong> au profit de tous.<\/p>\t\t\t\t\t\t\t\t<\/div>\n\t\t\t\t<\/div>\n\t\t\t\t\t<\/div>\n\t\t<\/div>\n\t\t\t\t<div class=\"elementor-column elementor-col-50 elementor-top-column elementor-element elementor-element-54c7cea qodef-gradient-background-column--no\" data-id=\"54c7cea\" data-element_type=\"column\" data-e-type=\"column\">\n\t\t\t<div class=\"elementor-widget-wrap elementor-element-populated\">\n\t\t\t\t\t\t<div class=\"elementor-element elementor-element-6c2f7a4 elementor-widget elementor-widget-deon_core_single_image\" data-id=\"6c2f7a4\" data-element_type=\"widget\" data-e-type=\"widget\" data-widget_type=\"deon_core_single_image.default\">\n\t\t\t\t<div class=\"elementor-widget-container\">\n\t\t\t\t\t<div class=\"qodef-shortcode qodef-m  qodef-single-image qodef-layout--default qodef-parallax-item  \" >\n\t\t<div class=\"qodef-m-image \">\n\t\t\t\t\t<img decoding=\"async\" width=\"1024\" height=\"689\" src=\"https:\/\/ecoprogramflotte.com\/wp-content\/uploads\/2022\/06\/formazione-qualita-ecoprogram-flotte.jpg\" class=\"attachment-full size-full\" alt=\"formazione qualita ecoprogram flotte\" srcset=\"https:\/\/ecoprogramflotte.com\/wp-content\/uploads\/2022\/06\/formazione-qualita-ecoprogram-flotte.jpg 1024w, https:\/\/ecoprogramflotte.com\/wp-content\/uploads\/2022\/06\/formazione-qualita-ecoprogram-flotte-300x202.jpg 300w, https:\/\/ecoprogramflotte.com\/wp-content\/uploads\/2022\/06\/formazione-qualita-ecoprogram-flotte-768x517.jpg 768w\" sizes=\"(max-width: 1024px) 100vw, 1024px\" \/>\t\t\t<\/div>\n<\/div>\n\t\t\t\t<\/div>\n\t\t\t\t<\/div>\n\t\t\t\t\t<\/div>\n\t\t<\/div>\n\t\t\t\t\t<\/div>\n\t\t<\/section>\n\t\t\t\t<section class=\"elementor-section elementor-top-section elementor-element elementor-element-962331e elementor-section-full_width qodef-elementor-content-grid elementor-section-height-min-height elementor-section-height-default elementor-section-items-middle\" data-id=\"962331e\" data-element_type=\"section\" data-e-type=\"section\">\n\t\t\t\t\t\t<div class=\"elementor-container elementor-column-gap-default\">\n\t\t\t\t\t<div class=\"elementor-column elementor-col-100 elementor-top-column elementor-element elementor-element-e31edcc qodef-gradient-background-column--no\" data-id=\"e31edcc\" data-element_type=\"column\" data-e-type=\"column\">\n\t\t\t<div class=\"elementor-widget-wrap elementor-element-populated\">\n\t\t\t\t\t\t<div class=\"elementor-element elementor-element-503cc44 elementor-widget__width-initial elementor-widget elementor-widget-deon_core_section_title\" data-id=\"503cc44\" data-element_type=\"widget\" data-e-type=\"widget\" data-widget_type=\"deon_core_section_title.default\">\n\t\t\t\t<div class=\"elementor-widget-container\">\n\t\t\t\t\t<div class=\"qodef-shortcode qodef-m  qodef-section-title qodef-alignment--center  qodef--has-appear\">\n\t\t\t<h2 class=\"qodef-m-title\" style=\"color: #FFFFFF;background-image: -webkit-linear-gradient(45deg,#5CC3EE 0%, #5D91EF 29%, #4286F4 50%, #7F7FD5 73%, #86A8E7 100%);-webkit-background-clip: text; -webkit-text-fill-color: transparent;;margin-top:-3px;\">\n\t\t\t\t\tNotre organisation est complexe tout<br \/> en restant agile, visant<br \/> la qualit\u00e9 du service, la recherche et l\u2019innovation, avec plus de 30 ann\u00e9es d\u2019exp\u00e9rience.\t\t\t<\/h2>\n\t\t\t<\/div>\n\t\t\t\t<\/div>\n\t\t\t\t<\/div>\n\t\t\t\t\t<\/div>\n\t\t<\/div>\n\t\t\t\t\t<\/div>\n\t\t<\/section>\n\t\t\t\t<section class=\"elementor-section elementor-top-section elementor-element elementor-element-efd1e7e elementor-section-full_width elementor-section-height-default elementor-section-height-default qodef-elementor-content-no\" data-id=\"efd1e7e\" data-element_type=\"section\" data-e-type=\"section\" data-settings=\"{&quot;background_background&quot;:&quot;classic&quot;}\">\n\t\t\t\t\t\t<div class=\"elementor-container elementor-column-gap-default\">\n\t\t\t\t\t<div class=\"elementor-column elementor-col-100 elementor-top-column elementor-element elementor-element-f879e4c qodef-gradient-background-column--no\" data-id=\"f879e4c\" data-element_type=\"column\" data-e-type=\"column\">\n\t\t\t<div class=\"elementor-widget-wrap elementor-element-populated\">\n\t\t\t\t\t\t<div class=\"elementor-element elementor-element-83ade6d elementor-widget elementor-widget-image\" data-id=\"83ade6d\" data-element_type=\"widget\" data-e-type=\"widget\" data-widget_type=\"image.default\">\n\t\t\t\t<div class=\"elementor-widget-container\">\n\t\t\t\t\t\t\t\t\t\t\t\t\t\t\t<img decoding=\"async\" width=\"400\" height=\"80\" src=\"https:\/\/ecoprogramflotte.com\/wp-content\/uploads\/2022\/05\/ecoprogram-flotte-logo-white.png\" class=\"attachment-large size-large wp-image-14583\" alt=\"\" srcset=\"https:\/\/ecoprogramflotte.com\/wp-content\/uploads\/2022\/05\/ecoprogram-flotte-logo-white.png 400w, https:\/\/ecoprogramflotte.com\/wp-content\/uploads\/2022\/05\/ecoprogram-flotte-logo-white-300x60.png 300w\" sizes=\"(max-width: 400px) 100vw, 400px\" \/>\t\t\t\t\t\t\t\t\t\t\t\t\t\t\t<\/div>\n\t\t\t\t<\/div>\n\t\t\t\t\t<\/div>\n\t\t<\/div>\n\t\t\t\t\t<\/div>\n\t\t<\/section>\n\t\t\t\t<\/div>\n\t\t","protected":false},"excerpt":{"rendered":"<p>Une culture de la qualit\u00e9 La qualit\u00e9 d\u2019Ecoprogram Flotte proc\u00e8de d\u2019un syst\u00e8me circulaire, qui se nourrit d\u2019une organisation rigoureuse et oriente en permanence l\u2019entreprise vers de nouveaux objectifs d\u2019am\u00e9lioration des services. Innovation et qualit\u00e9 des services La culture de la qualit\u00e9 et de l\u2019innovation sont les concepts cl\u00e9s appliqu\u00e9s par Ecoprogram Flotte, o\u00f9 la qualit\u00e9 [&hellip;]<\/p>\n","protected":false},"author":2,"featured_media":0,"parent":0,"menu_order":0,"comment_status":"closed","ping_status":"closed","template":"page-full-width.php","meta":{"_acf_changed":false,"footnotes":""},"class_list":["post-15123","page","type-page","status-publish","hentry"],"acf":[],"yoast_head":"<!-- This site is optimized with the Yoast SEO plugin v27.4 - https:\/\/yoast.com\/product\/yoast-seo-wordpress\/ -->\n<title>Qualit\u00e9 - Eco Program Flotte S.p.A.<\/title>\n<meta name=\"robots\" content=\"index, follow, max-snippet:-1, max-image-preview:large, max-video-preview:-1\" \/>\n<link rel=\"canonical\" href=\"https:\/\/ecoprogramflotte.com\/fr\/qualite\/\" \/>\n<meta property=\"og:locale\" content=\"fr_FR\" \/>\n<meta property=\"og:type\" content=\"article\" \/>\n<meta property=\"og:title\" content=\"Qualit\u00e9 - Eco Program Flotte S.p.A.\" \/>\n<meta property=\"og:description\" content=\"Une culture de la qualit\u00e9 La qualit\u00e9 d\u2019Ecoprogram Flotte proc\u00e8de d\u2019un syst\u00e8me circulaire, qui se nourrit d\u2019une organisation rigoureuse et oriente en permanence l\u2019entreprise vers de nouveaux objectifs d\u2019am\u00e9lioration des services. Innovation et qualit\u00e9 des services La culture de la qualit\u00e9 et de l\u2019innovation sont les concepts cl\u00e9s appliqu\u00e9s par Ecoprogram Flotte, o\u00f9 la qualit\u00e9 [&hellip;]\" \/>\n<meta property=\"og:url\" content=\"https:\/\/ecoprogramflotte.com\/fr\/qualite\/\" \/>\n<meta property=\"og:site_name\" content=\"Eco Program Flotte S.p.A.\" \/>\n<meta property=\"article:modified_time\" content=\"2022-07-25T12:29:50+00:00\" \/>\n<meta property=\"og:image\" content=\"https:\/\/ecoprogramflotte.com\/wp-content\/uploads\/2022\/06\/miglioramento-servizi-qualita-ecoprogram-flotte.jpg\" \/>\n<meta name=\"twitter:card\" content=\"summary_large_image\" \/>\n<meta name=\"twitter:label1\" content=\"Dur\u00e9e de lecture estim\u00e9e\" \/>\n\t<meta name=\"twitter:data1\" content=\"2 minutes\" \/>\n<script type=\"application\/ld+json\" class=\"yoast-schema-graph\">{\"@context\":\"https:\\\/\\\/schema.org\",\"@graph\":[{\"@type\":\"WebPage\",\"@id\":\"https:\\\/\\\/ecoprogramflotte.com\\\/fr\\\/qualite\\\/\",\"url\":\"https:\\\/\\\/ecoprogramflotte.com\\\/fr\\\/qualite\\\/\",\"name\":\"Qualit\u00e9 - Eco Program Flotte S.p.A.\",\"isPartOf\":{\"@id\":\"https:\\\/\\\/ecoprogramflotte.com\\\/fr\\\/#website\"},\"primaryImageOfPage\":{\"@id\":\"https:\\\/\\\/ecoprogramflotte.com\\\/fr\\\/qualite\\\/#primaryimage\"},\"image\":{\"@id\":\"https:\\\/\\\/ecoprogramflotte.com\\\/fr\\\/qualite\\\/#primaryimage\"},\"thumbnailUrl\":\"https:\\\/\\\/ecoprogramflotte.com\\\/wp-content\\\/uploads\\\/2022\\\/06\\\/miglioramento-servizi-qualita-ecoprogram-flotte.jpg\",\"datePublished\":\"2022-05-18T08:53:30+00:00\",\"dateModified\":\"2022-07-25T12:29:50+00:00\",\"breadcrumb\":{\"@id\":\"https:\\\/\\\/ecoprogramflotte.com\\\/fr\\\/qualite\\\/#breadcrumb\"},\"inLanguage\":\"fr-FR\",\"potentialAction\":[{\"@type\":\"ReadAction\",\"target\":[\"https:\\\/\\\/ecoprogramflotte.com\\\/fr\\\/qualite\\\/\"]}]},{\"@type\":\"ImageObject\",\"inLanguage\":\"fr-FR\",\"@id\":\"https:\\\/\\\/ecoprogramflotte.com\\\/fr\\\/qualite\\\/#primaryimage\",\"url\":\"https:\\\/\\\/ecoprogramflotte.com\\\/wp-content\\\/uploads\\\/2022\\\/06\\\/miglioramento-servizi-qualita-ecoprogram-flotte.jpg\",\"contentUrl\":\"https:\\\/\\\/ecoprogramflotte.com\\\/wp-content\\\/uploads\\\/2022\\\/06\\\/miglioramento-servizi-qualita-ecoprogram-flotte.jpg\"},{\"@type\":\"BreadcrumbList\",\"@id\":\"https:\\\/\\\/ecoprogramflotte.com\\\/fr\\\/qualite\\\/#breadcrumb\",\"itemListElement\":[{\"@type\":\"ListItem\",\"position\":1,\"name\":\"Home\",\"item\":\"https:\\\/\\\/ecoprogramflotte.com\\\/fr\\\/\"},{\"@type\":\"ListItem\",\"position\":2,\"name\":\"Qualit\u00e9\"}]},{\"@type\":\"WebSite\",\"@id\":\"https:\\\/\\\/ecoprogramflotte.com\\\/fr\\\/#website\",\"url\":\"https:\\\/\\\/ecoprogramflotte.com\\\/fr\\\/\",\"name\":\"Eco Program Flotte S.p.A.\",\"description\":\"Think beyond\",\"potentialAction\":[{\"@type\":\"SearchAction\",\"target\":{\"@type\":\"EntryPoint\",\"urlTemplate\":\"https:\\\/\\\/ecoprogramflotte.com\\\/fr\\\/?s={search_term_string}\"},\"query-input\":{\"@type\":\"PropertyValueSpecification\",\"valueRequired\":true,\"valueName\":\"search_term_string\"}}],\"inLanguage\":\"fr-FR\"}]}<\/script>\n<!-- \/ Yoast SEO plugin. -->","yoast_head_json":{"title":"Qualit\u00e9 - Eco Program Flotte S.p.A.","robots":{"index":"index","follow":"follow","max-snippet":"max-snippet:-1","max-image-preview":"max-image-preview:large","max-video-preview":"max-video-preview:-1"},"canonical":"https:\/\/ecoprogramflotte.com\/fr\/qualite\/","og_locale":"fr_FR","og_type":"article","og_title":"Qualit\u00e9 - Eco Program Flotte S.p.A.","og_description":"Une culture de la qualit\u00e9 La qualit\u00e9 d\u2019Ecoprogram Flotte proc\u00e8de d\u2019un syst\u00e8me circulaire, qui se nourrit d\u2019une organisation rigoureuse et oriente en permanence l\u2019entreprise vers de nouveaux objectifs d\u2019am\u00e9lioration des services. Innovation et qualit\u00e9 des services La culture de la qualit\u00e9 et de l\u2019innovation sont les concepts cl\u00e9s appliqu\u00e9s par Ecoprogram Flotte, o\u00f9 la qualit\u00e9 [&hellip;]","og_url":"https:\/\/ecoprogramflotte.com\/fr\/qualite\/","og_site_name":"Eco Program Flotte S.p.A.","article_modified_time":"2022-07-25T12:29:50+00:00","og_image":[{"url":"https:\/\/ecoprogramflotte.com\/wp-content\/uploads\/2022\/06\/miglioramento-servizi-qualita-ecoprogram-flotte.jpg","type":"","width":"","height":""}],"twitter_card":"summary_large_image","twitter_misc":{"Dur\u00e9e de lecture estim\u00e9e":"2 minutes"},"schema":{"@context":"https:\/\/schema.org","@graph":[{"@type":"WebPage","@id":"https:\/\/ecoprogramflotte.com\/fr\/qualite\/","url":"https:\/\/ecoprogramflotte.com\/fr\/qualite\/","name":"Qualit\u00e9 - Eco Program Flotte S.p.A.","isPartOf":{"@id":"https:\/\/ecoprogramflotte.com\/fr\/#website"},"primaryImageOfPage":{"@id":"https:\/\/ecoprogramflotte.com\/fr\/qualite\/#primaryimage"},"image":{"@id":"https:\/\/ecoprogramflotte.com\/fr\/qualite\/#primaryimage"},"thumbnailUrl":"https:\/\/ecoprogramflotte.com\/wp-content\/uploads\/2022\/06\/miglioramento-servizi-qualita-ecoprogram-flotte.jpg","datePublished":"2022-05-18T08:53:30+00:00","dateModified":"2022-07-25T12:29:50+00:00","breadcrumb":{"@id":"https:\/\/ecoprogramflotte.com\/fr\/qualite\/#breadcrumb"},"inLanguage":"fr-FR","potentialAction":[{"@type":"ReadAction","target":["https:\/\/ecoprogramflotte.com\/fr\/qualite\/"]}]},{"@type":"ImageObject","inLanguage":"fr-FR","@id":"https:\/\/ecoprogramflotte.com\/fr\/qualite\/#primaryimage","url":"https:\/\/ecoprogramflotte.com\/wp-content\/uploads\/2022\/06\/miglioramento-servizi-qualita-ecoprogram-flotte.jpg","contentUrl":"https:\/\/ecoprogramflotte.com\/wp-content\/uploads\/2022\/06\/miglioramento-servizi-qualita-ecoprogram-flotte.jpg"},{"@type":"BreadcrumbList","@id":"https:\/\/ecoprogramflotte.com\/fr\/qualite\/#breadcrumb","itemListElement":[{"@type":"ListItem","position":1,"name":"Home","item":"https:\/\/ecoprogramflotte.com\/fr\/"},{"@type":"ListItem","position":2,"name":"Qualit\u00e9"}]},{"@type":"WebSite","@id":"https:\/\/ecoprogramflotte.com\/fr\/#website","url":"https:\/\/ecoprogramflotte.com\/fr\/","name":"Eco Program Flotte S.p.A.","description":"Think beyond","potentialAction":[{"@type":"SearchAction","target":{"@type":"EntryPoint","urlTemplate":"https:\/\/ecoprogramflotte.com\/fr\/?s={search_term_string}"},"query-input":{"@type":"PropertyValueSpecification","valueRequired":true,"valueName":"search_term_string"}}],"inLanguage":"fr-FR"}]}},"_links":{"self":[{"href":"https:\/\/ecoprogramflotte.com\/fr\/wp-json\/wp\/v2\/pages\/15123","targetHints":{"allow":["GET"]}}],"collection":[{"href":"https:\/\/ecoprogramflotte.com\/fr\/wp-json\/wp\/v2\/pages"}],"about":[{"href":"https:\/\/ecoprogramflotte.com\/fr\/wp-json\/wp\/v2\/types\/page"}],"author":[{"embeddable":true,"href":"https:\/\/ecoprogramflotte.com\/fr\/wp-json\/wp\/v2\/users\/2"}],"replies":[{"embeddable":true,"href":"https:\/\/ecoprogramflotte.com\/fr\/wp-json\/wp\/v2\/comments?post=15123"}],"version-history":[{"count":7,"href":"https:\/\/ecoprogramflotte.com\/fr\/wp-json\/wp\/v2\/pages\/15123\/revisions"}],"predecessor-version":[{"id":15130,"href":"https:\/\/ecoprogramflotte.com\/fr\/wp-json\/wp\/v2\/pages\/15123\/revisions\/15130"}],"wp:attachment":[{"href":"https:\/\/ecoprogramflotte.com\/fr\/wp-json\/wp\/v2\/media?parent=15123"}],"curies":[{"name":"wp","href":"https:\/\/api.w.org\/{rel}","templated":true}]}}