{"id":15131,"date":"2022-05-18T09:09:00","date_gmt":"2022-05-18T07:09:00","guid":{"rendered":"https:\/\/ecoprogramflotte.com\/esg\/"},"modified":"2022-07-25T14:33:17","modified_gmt":"2022-07-25T12:33:17","slug":"esg","status":"publish","type":"page","link":"https:\/\/ecoprogramflotte.com\/fr\/esg\/","title":{"rendered":"ESG"},"content":{"rendered":"\t\t<div data-elementor-type=\"wp-page\" data-elementor-id=\"15131\" class=\"elementor elementor-15131 elementor-12993\">\n\t\t\t\t\t\t<section class=\"elementor-section elementor-top-section elementor-element elementor-element-b85db0b elementor-section-full_width elementor-section-height-default elementor-section-height-default qodef-elementor-content-no\" data-id=\"b85db0b\" data-element_type=\"section\" data-e-type=\"section\">\n\t\t\t\t\t\t<div class=\"elementor-container elementor-column-gap-default\">\n\t\t\t\t\t<div class=\"elementor-column elementor-col-100 elementor-top-column elementor-element elementor-element-a70b7d8 qodef-gradient-background-column--no\" data-id=\"a70b7d8\" data-element_type=\"column\" data-e-type=\"column\">\n\t\t\t<div class=\"elementor-widget-wrap elementor-element-populated\">\n\t\t\t\t\t\t<div class=\"elementor-element elementor-element-bc54ef4 elementor-widget__width-initial elementor-widget-mobile__width-inherit elementor-widget elementor-widget-deon_core_section_title\" data-id=\"bc54ef4\" data-element_type=\"widget\" data-e-type=\"widget\" data-widget_type=\"deon_core_section_title.default\">\n\t\t\t\t<div class=\"elementor-widget-container\">\n\t\t\t\t\t<div class=\"qodef-shortcode qodef-m  qodef-section-title qodef-alignment--left  qodef--has-appear\">\n\t\t\t<h1 class=\"qodef-m-title\" style=\"background-image: -webkit-linear-gradient(45deg,#5cc3ee 0%, #5d91ef 29%, #7F7FD5 50%, #86A8E7 73%, #4286F4 100%);-webkit-background-clip: text; -webkit-text-fill-color: transparent;\">\n\t\t\t\t\tEnjeux sportifs et sociaux<br \/>\t\t\t<\/h1>\n\t\t\t<\/div>\n\t\t\t\t<\/div>\n\t\t\t\t<\/div>\n\t\t\t\t\t<\/div>\n\t\t<\/div>\n\t\t\t\t\t<\/div>\n\t\t<\/section>\n\t\t\t\t<section class=\"elementor-section elementor-top-section elementor-element elementor-element-f722869 elementor-section-full_width qodef-elementor-content-grid qodef-extended-grid qodef-extended-grid--left elementor-section-height-default elementor-section-height-default\" data-id=\"f722869\" data-element_type=\"section\" data-e-type=\"section\">\n\t\t\t\t\t\t<div class=\"elementor-container elementor-column-gap-no\">\n\t\t\t\t\t<div class=\"elementor-column elementor-col-50 elementor-top-column elementor-element elementor-element-21aceee qodef-gradient-background-column--no\" data-id=\"21aceee\" data-element_type=\"column\" data-e-type=\"column\">\n\t\t\t<div class=\"elementor-widget-wrap elementor-element-populated\">\n\t\t\t\t\t\t<div class=\"elementor-element elementor-element-58138b1 elementor-widget elementor-widget-deon_core_single_image\" data-id=\"58138b1\" data-element_type=\"widget\" data-e-type=\"widget\" data-widget_type=\"deon_core_single_image.default\">\n\t\t\t\t<div class=\"elementor-widget-container\">\n\t\t\t\t\t<div class=\"qodef-shortcode qodef-m  qodef-single-image qodef-layout--default qodef-parallax-item  \" >\n\t\t<div class=\"qodef-m-image \">\n\t\t\t\t\t<img fetchpriority=\"high\" decoding=\"async\" width=\"1024\" height=\"689\" src=\"https:\/\/ecoprogramflotte.com\/wp-content\/uploads\/2022\/06\/territorio-sport-cultura-responsabilita-sociale-Ecoprogram-Flotte.jpg\" class=\"attachment-full size-full\" alt=\"territorio sport cultura esponsabilit\u00e0 sociale ecoprogram flotte\" srcset=\"https:\/\/ecoprogramflotte.com\/wp-content\/uploads\/2022\/06\/territorio-sport-cultura-responsabilita-sociale-Ecoprogram-Flotte.jpg 1024w, https:\/\/ecoprogramflotte.com\/wp-content\/uploads\/2022\/06\/territorio-sport-cultura-responsabilita-sociale-Ecoprogram-Flotte-300x202.jpg 300w, https:\/\/ecoprogramflotte.com\/wp-content\/uploads\/2022\/06\/territorio-sport-cultura-responsabilita-sociale-Ecoprogram-Flotte-768x517.jpg 768w\" sizes=\"(max-width: 1024px) 100vw, 1024px\" \/>\t\t\t<\/div>\n<\/div>\n\t\t\t\t<\/div>\n\t\t\t\t<\/div>\n\t\t\t\t\t<\/div>\n\t\t<\/div>\n\t\t\t\t<div class=\"elementor-column elementor-col-50 elementor-top-column elementor-element elementor-element-c9ce416 qodef-gradient-background-column--no\" data-id=\"c9ce416\" data-element_type=\"column\" data-e-type=\"column\">\n\t\t\t<div class=\"elementor-widget-wrap elementor-element-populated\">\n\t\t\t\t\t\t<div class=\"elementor-element elementor-element-f641721 elementor-widget elementor-widget-deon_core_section_title\" data-id=\"f641721\" data-element_type=\"widget\" data-e-type=\"widget\" data-widget_type=\"deon_core_section_title.default\">\n\t\t\t\t<div class=\"elementor-widget-container\">\n\t\t\t\t\t<div class=\"qodef-shortcode qodef-m  qodef-section-title qodef-alignment--left  \">\n\t\t\t<h3 class=\"qodef-m-title\" style=\"margin-top:9px;\">\n\t\t\t\t\tTerritoire, sport<br \/> et culture\t\t\t<\/h3>\n\t\t\t<\/div>\n\t\t\t\t<\/div>\n\t\t\t\t<\/div>\n\t\t\t\t<div class=\"elementor-element elementor-element-3555b1e elementor-widget elementor-widget-text-editor\" data-id=\"3555b1e\" data-element_type=\"widget\" data-e-type=\"widget\" data-widget_type=\"text-editor.default\">\n\t\t\t\t<div class=\"elementor-widget-container\">\n\t\t\t\t\t\t\t\t\t<p><strong>Ecoprogram Flotte<\/strong> est <strong>pr\u00e9sent<\/strong> avec les hubs d\u2019Ariel Car en 16 territoires situ\u00e9s dans <strong>11 r\u00e9gions italiennes<\/strong>, autant de communaut\u00e9s diff\u00e9rentes par leurs traditions et leurs conditions sociales et environnementales.<\/p>\n<p><br>Dans la poursuite des valeurs d\u2019entreprise et de la vision d\u2019un comportement socialement responsable, Ecoprogram Flotte soutient des projets li\u00e9s aux territoires et au <strong>sport<\/strong>, notamment dans les domaines sportifs et <strong>culturels<\/strong>, et promeut des projets aux<strong> enjeux sociaux<\/strong> et \u00e9conomiques.<\/p>\t\t\t\t\t\t\t\t<\/div>\n\t\t\t\t<\/div>\n\t\t\t\t\t<\/div>\n\t\t<\/div>\n\t\t\t\t\t<\/div>\n\t\t<\/section>\n\t\t\t\t<section class=\"elementor-section elementor-top-section elementor-element elementor-element-1c3573a elementor-section-full_width qodef-elementor-content-grid qodef-extended-grid qodef-extended-grid--right elementor-reverse-tablet elementor-reverse-mobile elementor-section-height-default elementor-section-height-default\" data-id=\"1c3573a\" data-element_type=\"section\" data-e-type=\"section\">\n\t\t\t\t\t\t<div class=\"elementor-container elementor-column-gap-no\">\n\t\t\t\t\t<div class=\"elementor-column elementor-col-50 elementor-top-column elementor-element elementor-element-311c2f0 qodef-gradient-background-column--no\" data-id=\"311c2f0\" data-element_type=\"column\" data-e-type=\"column\">\n\t\t\t<div class=\"elementor-widget-wrap elementor-element-populated\">\n\t\t\t\t\t\t<div class=\"elementor-element elementor-element-1fb738c elementor-widget elementor-widget-deon_core_section_title\" data-id=\"1fb738c\" data-element_type=\"widget\" data-e-type=\"widget\" data-widget_type=\"deon_core_section_title.default\">\n\t\t\t\t<div class=\"elementor-widget-container\">\n\t\t\t\t\t<div class=\"qodef-shortcode qodef-m  qodef-section-title qodef-alignment--left  \">\n\t\t\t<h3 class=\"qodef-m-title\" style=\"margin-top:9px;\">\n\t\t\t\t\tDerthona Basket<br \/>\t\t\t<\/h3>\n\t\t\t<\/div>\n\t\t\t\t<\/div>\n\t\t\t\t<\/div>\n\t\t\t\t<div class=\"elementor-element elementor-element-4726ec4 elementor-widget elementor-widget-text-editor\" data-id=\"4726ec4\" data-element_type=\"widget\" data-e-type=\"widget\" data-widget_type=\"text-editor.default\">\n\t\t\t\t<div class=\"elementor-widget-container\">\n\t\t\t\t\t\t\t\t\t<strong>Ecoprogram Flotte<\/strong> s\u2019engage fortement \u00e0 soutenir <a href=\"https:\/\/www.derthonabasket.it\/\" target=\"_blank\" rel=\"noopener\"><strong><u>Derthona Basket<\/u><\/strong><\/a>.\r\nLa r\u00e9ussite sportive, comme la r\u00e9ussite d\u2019une entreprise, se construit dans la dur\u00e9e, avec un projet qui exige des <strong>valeurs<\/strong> et de la <strong>passion<\/strong> : <strong>esprit d\u2019\u00e9quipe,<\/strong> sentiment d\u2019<strong>appartenance<\/strong>, respect des co\u00e9quipiers et des adversaires, loyaut\u00e9, affirmation du m\u00e9rite et int\u00e9gration.\t\t\t\t\t\t\t\t<\/div>\n\t\t\t\t<\/div>\n\t\t\t\t\t<\/div>\n\t\t<\/div>\n\t\t\t\t<div class=\"elementor-column elementor-col-50 elementor-top-column elementor-element elementor-element-54c7cea qodef-gradient-background-column--no\" data-id=\"54c7cea\" data-element_type=\"column\" data-e-type=\"column\">\n\t\t\t<div class=\"elementor-widget-wrap elementor-element-populated\">\n\t\t\t\t\t\t<div class=\"elementor-element elementor-element-6c2f7a4 elementor-widget elementor-widget-deon_core_single_image\" data-id=\"6c2f7a4\" data-element_type=\"widget\" data-e-type=\"widget\" data-widget_type=\"deon_core_single_image.default\">\n\t\t\t\t<div class=\"elementor-widget-container\">\n\t\t\t\t\t<div class=\"qodef-shortcode qodef-m  qodef-single-image qodef-layout--default qodef-parallax-item  \" >\n\t\t<div class=\"qodef-m-image \">\n\t\t\t\t\t<img decoding=\"async\" width=\"1024\" height=\"689\" src=\"https:\/\/ecoprogramflotte.com\/wp-content\/uploads\/2022\/06\/Derthona-Basket-responsabilita-sociale-ecoprogram-flotte.jpg\" class=\"attachment-full size-full\" alt=\"Derthona Basket responsabilit\u00e0 sociale ecoprogram flotte\" srcset=\"https:\/\/ecoprogramflotte.com\/wp-content\/uploads\/2022\/06\/Derthona-Basket-responsabilita-sociale-ecoprogram-flotte.jpg 1024w, https:\/\/ecoprogramflotte.com\/wp-content\/uploads\/2022\/06\/Derthona-Basket-responsabilita-sociale-ecoprogram-flotte-300x202.jpg 300w, https:\/\/ecoprogramflotte.com\/wp-content\/uploads\/2022\/06\/Derthona-Basket-responsabilita-sociale-ecoprogram-flotte-768x517.jpg 768w\" sizes=\"(max-width: 1024px) 100vw, 1024px\" \/>\t\t\t<\/div>\n<\/div>\n\t\t\t\t<\/div>\n\t\t\t\t<\/div>\n\t\t\t\t\t<\/div>\n\t\t<\/div>\n\t\t\t\t\t<\/div>\n\t\t<\/section>\n\t\t\t\t<section class=\"elementor-section elementor-top-section elementor-element elementor-element-4f2ff28 elementor-section-full_width qodef-elementor-content-grid elementor-section-height-default elementor-section-height-default\" data-id=\"4f2ff28\" data-element_type=\"section\" data-e-type=\"section\">\n\t\t\t\t\t\t<div class=\"elementor-container elementor-column-gap-default\">\n\t\t\t\t\t<div class=\"elementor-column elementor-col-100 elementor-top-column elementor-element elementor-element-f82ac97 qodef-gradient-background-column--no\" data-id=\"f82ac97\" data-element_type=\"column\" data-e-type=\"column\">\n\t\t\t<div class=\"elementor-widget-wrap elementor-element-populated\">\n\t\t\t\t\t\t<div class=\"elementor-element elementor-element-0338c36 elementor-widget elementor-widget-deon_core_section_title\" data-id=\"0338c36\" data-element_type=\"widget\" data-e-type=\"widget\" data-widget_type=\"deon_core_section_title.default\">\n\t\t\t\t<div class=\"elementor-widget-container\">\n\t\t\t\t\t<div class=\"qodef-shortcode qodef-m  qodef-section-title qodef-alignment--center  \">\n\t\t\t<h5 class=\"qodef-m-title\" style=\"background-image: -webkit-linear-gradient(45deg,#5cc3ee 0%, #5d91ef 29%, #7F7FD5 50%, #86A8E7 73%, #4286F4 100%);-webkit-background-clip: text; -webkit-text-fill-color: transparent;\">\n\t\t\t\t\t<a itemprop=\"url\" href=\"https:\/\/www.linkedin.com\/in\/gianluca-barabino\/\" target=\"_blank\">\n\t\t\t\t\tDerthona Basket est une r\u00e9alit\u00e9 sportive tr\u00e8s importante non seulement parce que l\u2019\u00e9quipe obtient d\u2019excellents r\u00e9sultats, mais surtout parce qu\u2019elle dispose d\u2019un important secteur jeunesse qui est devenu le point de r\u00e9f\u00e9rence de notre territoire. Nous sommes ravis d\u2019\u00eatre impliqu\u00e9s dans le projet, car le basket-ball nous donne passion et enthousiasme.\t\t\t\t\t<\/a>\n\t\t\t<\/h5>\n\t\t\t\t\t<div class=\"qodef-m-button\">\n\t\t\t<a class=\"qodef-shortcode qodef-m  qodef-button qodef-layout--textual   qodef-html--link\" href=\"https:\/\/www.linkedin.com\/in\/gianluca-barabino\/\" target=\"_blank\"  >\t<span class=\"qodef-m-text\">Gianluca Barabino<\/span><\/a>\t\t<\/div>\n\t<\/div>\n\t\t\t\t<\/div>\n\t\t\t\t<\/div>\n\t\t\t\t\t<\/div>\n\t\t<\/div>\n\t\t\t\t\t<\/div>\n\t\t<\/section>\n\t\t\t\t<section class=\"elementor-section elementor-top-section elementor-element elementor-element-efd1e7e elementor-section-full_width elementor-section-height-default elementor-section-height-default qodef-elementor-content-no\" data-id=\"efd1e7e\" data-element_type=\"section\" data-e-type=\"section\" data-settings=\"{&quot;background_background&quot;:&quot;classic&quot;}\">\n\t\t\t\t\t\t<div class=\"elementor-container elementor-column-gap-default\">\n\t\t\t\t\t<div class=\"elementor-column elementor-col-100 elementor-top-column elementor-element elementor-element-f879e4c qodef-gradient-background-column--no\" data-id=\"f879e4c\" data-element_type=\"column\" data-e-type=\"column\">\n\t\t\t<div class=\"elementor-widget-wrap elementor-element-populated\">\n\t\t\t\t\t\t<div class=\"elementor-element elementor-element-83ade6d elementor-widget elementor-widget-image\" data-id=\"83ade6d\" data-element_type=\"widget\" data-e-type=\"widget\" data-widget_type=\"image.default\">\n\t\t\t\t<div class=\"elementor-widget-container\">\n\t\t\t\t\t\t\t\t\t\t\t\t\t\t\t<img decoding=\"async\" width=\"400\" height=\"80\" src=\"https:\/\/ecoprogramflotte.com\/wp-content\/uploads\/2022\/05\/ecoprogram-flotte-logo-white.png\" class=\"attachment-large size-large wp-image-14583\" alt=\"\" srcset=\"https:\/\/ecoprogramflotte.com\/wp-content\/uploads\/2022\/05\/ecoprogram-flotte-logo-white.png 400w, https:\/\/ecoprogramflotte.com\/wp-content\/uploads\/2022\/05\/ecoprogram-flotte-logo-white-300x60.png 300w\" sizes=\"(max-width: 400px) 100vw, 400px\" \/>\t\t\t\t\t\t\t\t\t\t\t\t\t\t\t<\/div>\n\t\t\t\t<\/div>\n\t\t\t\t\t<\/div>\n\t\t<\/div>\n\t\t\t\t\t<\/div>\n\t\t<\/section>\n\t\t\t\t<\/div>\n\t\t","protected":false},"excerpt":{"rendered":"<p>Enjeux sportifs et sociaux Territoire, sport et culture Ecoprogram Flotte est pr\u00e9sent avec les hubs d\u2019Ariel Car en 16 territoires situ\u00e9s dans 11 r\u00e9gions italiennes, autant de communaut\u00e9s diff\u00e9rentes par leurs traditions et leurs conditions sociales et environnementales. Dans la poursuite des valeurs d\u2019entreprise et de la vision d\u2019un comportement socialement responsable, Ecoprogram Flotte soutient [&hellip;]<\/p>\n","protected":false},"author":2,"featured_media":0,"parent":0,"menu_order":0,"comment_status":"closed","ping_status":"closed","template":"page-full-width.php","meta":{"_acf_changed":false,"footnotes":""},"class_list":["post-15131","page","type-page","status-publish","hentry"],"acf":[],"yoast_head":"<!-- This site is optimized with the Yoast SEO plugin v27.4 - https:\/\/yoast.com\/product\/yoast-seo-wordpress\/ -->\n<title>ESG - Eco Program Flotte S.p.A.<\/title>\n<meta name=\"robots\" content=\"index, follow, max-snippet:-1, max-image-preview:large, max-video-preview:-1\" \/>\n<link rel=\"canonical\" href=\"https:\/\/ecoprogramflotte.com\/fr\/esg\/\" \/>\n<meta property=\"og:locale\" content=\"fr_FR\" \/>\n<meta property=\"og:type\" content=\"article\" \/>\n<meta property=\"og:title\" content=\"ESG - Eco Program Flotte S.p.A.\" \/>\n<meta property=\"og:description\" content=\"Enjeux sportifs et sociaux Territoire, sport et culture Ecoprogram Flotte est pr\u00e9sent avec les hubs d\u2019Ariel Car en 16 territoires situ\u00e9s dans 11 r\u00e9gions italiennes, autant de communaut\u00e9s diff\u00e9rentes par leurs traditions et leurs conditions sociales et environnementales. Dans la poursuite des valeurs d\u2019entreprise et de la vision d\u2019un comportement socialement responsable, Ecoprogram Flotte soutient [&hellip;]\" \/>\n<meta property=\"og:url\" content=\"https:\/\/ecoprogramflotte.com\/fr\/esg\/\" \/>\n<meta property=\"og:site_name\" content=\"Eco Program Flotte S.p.A.\" \/>\n<meta property=\"article:modified_time\" content=\"2022-07-25T12:33:17+00:00\" \/>\n<meta property=\"og:image\" content=\"https:\/\/ecoprogramflotte.com\/wp-content\/uploads\/2022\/06\/territorio-sport-cultura-responsabilita-sociale-Ecoprogram-Flotte.jpg\" \/>\n<meta name=\"twitter:card\" content=\"summary_large_image\" \/>\n<meta name=\"twitter:label1\" content=\"Dur\u00e9e de lecture estim\u00e9e\" \/>\n\t<meta name=\"twitter:data1\" content=\"2 minutes\" \/>\n<script type=\"application\/ld+json\" class=\"yoast-schema-graph\">{\"@context\":\"https:\\\/\\\/schema.org\",\"@graph\":[{\"@type\":\"WebPage\",\"@id\":\"https:\\\/\\\/ecoprogramflotte.com\\\/fr\\\/esg\\\/\",\"url\":\"https:\\\/\\\/ecoprogramflotte.com\\\/fr\\\/esg\\\/\",\"name\":\"ESG - Eco Program Flotte S.p.A.\",\"isPartOf\":{\"@id\":\"https:\\\/\\\/ecoprogramflotte.com\\\/fr\\\/#website\"},\"primaryImageOfPage\":{\"@id\":\"https:\\\/\\\/ecoprogramflotte.com\\\/fr\\\/esg\\\/#primaryimage\"},\"image\":{\"@id\":\"https:\\\/\\\/ecoprogramflotte.com\\\/fr\\\/esg\\\/#primaryimage\"},\"thumbnailUrl\":\"https:\\\/\\\/ecoprogramflotte.com\\\/wp-content\\\/uploads\\\/2022\\\/06\\\/territorio-sport-cultura-responsabilita-sociale-Ecoprogram-Flotte.jpg\",\"datePublished\":\"2022-05-18T07:09:00+00:00\",\"dateModified\":\"2022-07-25T12:33:17+00:00\",\"breadcrumb\":{\"@id\":\"https:\\\/\\\/ecoprogramflotte.com\\\/fr\\\/esg\\\/#breadcrumb\"},\"inLanguage\":\"fr-FR\",\"potentialAction\":[{\"@type\":\"ReadAction\",\"target\":[\"https:\\\/\\\/ecoprogramflotte.com\\\/fr\\\/esg\\\/\"]}]},{\"@type\":\"ImageObject\",\"inLanguage\":\"fr-FR\",\"@id\":\"https:\\\/\\\/ecoprogramflotte.com\\\/fr\\\/esg\\\/#primaryimage\",\"url\":\"https:\\\/\\\/ecoprogramflotte.com\\\/wp-content\\\/uploads\\\/2022\\\/06\\\/territorio-sport-cultura-responsabilita-sociale-Ecoprogram-Flotte.jpg\",\"contentUrl\":\"https:\\\/\\\/ecoprogramflotte.com\\\/wp-content\\\/uploads\\\/2022\\\/06\\\/territorio-sport-cultura-responsabilita-sociale-Ecoprogram-Flotte.jpg\"},{\"@type\":\"BreadcrumbList\",\"@id\":\"https:\\\/\\\/ecoprogramflotte.com\\\/fr\\\/esg\\\/#breadcrumb\",\"itemListElement\":[{\"@type\":\"ListItem\",\"position\":1,\"name\":\"Home\",\"item\":\"https:\\\/\\\/ecoprogramflotte.com\\\/fr\\\/\"},{\"@type\":\"ListItem\",\"position\":2,\"name\":\"ESG\"}]},{\"@type\":\"WebSite\",\"@id\":\"https:\\\/\\\/ecoprogramflotte.com\\\/fr\\\/#website\",\"url\":\"https:\\\/\\\/ecoprogramflotte.com\\\/fr\\\/\",\"name\":\"Eco Program Flotte S.p.A.\",\"description\":\"Think beyond\",\"potentialAction\":[{\"@type\":\"SearchAction\",\"target\":{\"@type\":\"EntryPoint\",\"urlTemplate\":\"https:\\\/\\\/ecoprogramflotte.com\\\/fr\\\/?s={search_term_string}\"},\"query-input\":{\"@type\":\"PropertyValueSpecification\",\"valueRequired\":true,\"valueName\":\"search_term_string\"}}],\"inLanguage\":\"fr-FR\"}]}<\/script>\n<!-- \/ Yoast SEO plugin. -->","yoast_head_json":{"title":"ESG - Eco Program Flotte S.p.A.","robots":{"index":"index","follow":"follow","max-snippet":"max-snippet:-1","max-image-preview":"max-image-preview:large","max-video-preview":"max-video-preview:-1"},"canonical":"https:\/\/ecoprogramflotte.com\/fr\/esg\/","og_locale":"fr_FR","og_type":"article","og_title":"ESG - Eco Program Flotte S.p.A.","og_description":"Enjeux sportifs et sociaux Territoire, sport et culture Ecoprogram Flotte est pr\u00e9sent avec les hubs d\u2019Ariel Car en 16 territoires situ\u00e9s dans 11 r\u00e9gions italiennes, autant de communaut\u00e9s diff\u00e9rentes par leurs traditions et leurs conditions sociales et environnementales. Dans la poursuite des valeurs d\u2019entreprise et de la vision d\u2019un comportement socialement responsable, Ecoprogram Flotte soutient [&hellip;]","og_url":"https:\/\/ecoprogramflotte.com\/fr\/esg\/","og_site_name":"Eco Program Flotte S.p.A.","article_modified_time":"2022-07-25T12:33:17+00:00","og_image":[{"url":"https:\/\/ecoprogramflotte.com\/wp-content\/uploads\/2022\/06\/territorio-sport-cultura-responsabilita-sociale-Ecoprogram-Flotte.jpg","type":"","width":"","height":""}],"twitter_card":"summary_large_image","twitter_misc":{"Dur\u00e9e de lecture estim\u00e9e":"2 minutes"},"schema":{"@context":"https:\/\/schema.org","@graph":[{"@type":"WebPage","@id":"https:\/\/ecoprogramflotte.com\/fr\/esg\/","url":"https:\/\/ecoprogramflotte.com\/fr\/esg\/","name":"ESG - Eco Program Flotte S.p.A.","isPartOf":{"@id":"https:\/\/ecoprogramflotte.com\/fr\/#website"},"primaryImageOfPage":{"@id":"https:\/\/ecoprogramflotte.com\/fr\/esg\/#primaryimage"},"image":{"@id":"https:\/\/ecoprogramflotte.com\/fr\/esg\/#primaryimage"},"thumbnailUrl":"https:\/\/ecoprogramflotte.com\/wp-content\/uploads\/2022\/06\/territorio-sport-cultura-responsabilita-sociale-Ecoprogram-Flotte.jpg","datePublished":"2022-05-18T07:09:00+00:00","dateModified":"2022-07-25T12:33:17+00:00","breadcrumb":{"@id":"https:\/\/ecoprogramflotte.com\/fr\/esg\/#breadcrumb"},"inLanguage":"fr-FR","potentialAction":[{"@type":"ReadAction","target":["https:\/\/ecoprogramflotte.com\/fr\/esg\/"]}]},{"@type":"ImageObject","inLanguage":"fr-FR","@id":"https:\/\/ecoprogramflotte.com\/fr\/esg\/#primaryimage","url":"https:\/\/ecoprogramflotte.com\/wp-content\/uploads\/2022\/06\/territorio-sport-cultura-responsabilita-sociale-Ecoprogram-Flotte.jpg","contentUrl":"https:\/\/ecoprogramflotte.com\/wp-content\/uploads\/2022\/06\/territorio-sport-cultura-responsabilita-sociale-Ecoprogram-Flotte.jpg"},{"@type":"BreadcrumbList","@id":"https:\/\/ecoprogramflotte.com\/fr\/esg\/#breadcrumb","itemListElement":[{"@type":"ListItem","position":1,"name":"Home","item":"https:\/\/ecoprogramflotte.com\/fr\/"},{"@type":"ListItem","position":2,"name":"ESG"}]},{"@type":"WebSite","@id":"https:\/\/ecoprogramflotte.com\/fr\/#website","url":"https:\/\/ecoprogramflotte.com\/fr\/","name":"Eco Program Flotte S.p.A.","description":"Think beyond","potentialAction":[{"@type":"SearchAction","target":{"@type":"EntryPoint","urlTemplate":"https:\/\/ecoprogramflotte.com\/fr\/?s={search_term_string}"},"query-input":{"@type":"PropertyValueSpecification","valueRequired":true,"valueName":"search_term_string"}}],"inLanguage":"fr-FR"}]}},"_links":{"self":[{"href":"https:\/\/ecoprogramflotte.com\/fr\/wp-json\/wp\/v2\/pages\/15131","targetHints":{"allow":["GET"]}}],"collection":[{"href":"https:\/\/ecoprogramflotte.com\/fr\/wp-json\/wp\/v2\/pages"}],"about":[{"href":"https:\/\/ecoprogramflotte.com\/fr\/wp-json\/wp\/v2\/types\/page"}],"author":[{"embeddable":true,"href":"https:\/\/ecoprogramflotte.com\/fr\/wp-json\/wp\/v2\/users\/2"}],"replies":[{"embeddable":true,"href":"https:\/\/ecoprogramflotte.com\/fr\/wp-json\/wp\/v2\/comments?post=15131"}],"version-history":[{"count":7,"href":"https:\/\/ecoprogramflotte.com\/fr\/wp-json\/wp\/v2\/pages\/15131\/revisions"}],"predecessor-version":[{"id":15138,"href":"https:\/\/ecoprogramflotte.com\/fr\/wp-json\/wp\/v2\/pages\/15131\/revisions\/15138"}],"wp:attachment":[{"href":"https:\/\/ecoprogramflotte.com\/fr\/wp-json\/wp\/v2\/media?parent=15131"}],"curies":[{"name":"wp","href":"https:\/\/api.w.org\/{rel}","templated":true}]}}