{"id":15139,"date":"2022-04-26T10:07:33","date_gmt":"2022-04-26T08:07:33","guid":{"rendered":"https:\/\/ecoprogramflotte.com\/charte-ethique\/"},"modified":"2022-07-25T14:36:50","modified_gmt":"2022-07-25T12:36:50","slug":"charte-ethique","status":"publish","type":"page","link":"https:\/\/ecoprogramflotte.com\/fr\/charte-ethique\/","title":{"rendered":"Charte \u00e9thique"},"content":{"rendered":"\t\t<div data-elementor-type=\"wp-page\" data-elementor-id=\"15139\" class=\"elementor elementor-15139 elementor-12344\">\n\t\t\t\t\t\t<section class=\"elementor-section elementor-top-section elementor-element elementor-element-b85db0b elementor-section-full_width elementor-section-height-default elementor-section-height-default qodef-elementor-content-no\" data-id=\"b85db0b\" data-element_type=\"section\" data-e-type=\"section\">\n\t\t\t\t\t\t<div class=\"elementor-container elementor-column-gap-default\">\n\t\t\t\t\t<div class=\"elementor-column elementor-col-100 elementor-top-column elementor-element elementor-element-a70b7d8 qodef-gradient-background-column--no\" data-id=\"a70b7d8\" data-element_type=\"column\" data-e-type=\"column\">\n\t\t\t<div class=\"elementor-widget-wrap elementor-element-populated\">\n\t\t\t\t\t\t<div class=\"elementor-element elementor-element-bc54ef4 elementor-widget__width-initial elementor-widget-mobile__width-inherit elementor-widget elementor-widget-deon_core_section_title\" data-id=\"bc54ef4\" data-element_type=\"widget\" data-e-type=\"widget\" data-widget_type=\"deon_core_section_title.default\">\n\t\t\t\t<div class=\"elementor-widget-container\">\n\t\t\t\t\t<div class=\"qodef-shortcode qodef-m  qodef-section-title qodef-alignment--left  qodef--has-appear\">\n\t\t\t<h1 class=\"qodef-m-title\" style=\"background-image: -webkit-linear-gradient(45deg,#5cc3ee 0%, #5d91ef 29%, #7F7FD5 50%, #86A8E7 73%, #4286F4 100%);-webkit-background-clip: text; -webkit-text-fill-color: transparent;\">\n\t\t\t\t\tCharte \u00e9thique\t\t\t<\/h1>\n\t\t\t<\/div>\n\t\t\t\t<\/div>\n\t\t\t\t<\/div>\n\t\t\t\t\t<\/div>\n\t\t<\/div>\n\t\t\t\t\t<\/div>\n\t\t<\/section>\n\t\t\t\t<section class=\"elementor-section elementor-top-section elementor-element elementor-element-02e5e85 elementor-section-full_width qodef-elementor-content-grid elementor-section-height-default elementor-section-height-default\" data-id=\"02e5e85\" data-element_type=\"section\" data-e-type=\"section\">\n\t\t\t\t\t\t<div class=\"elementor-container elementor-column-gap-default\">\n\t\t\t\t\t<div class=\"elementor-column elementor-col-100 elementor-top-column elementor-element elementor-element-efd8b0b qodef-gradient-background-column--no\" data-id=\"efd8b0b\" data-element_type=\"column\" data-e-type=\"column\">\n\t\t\t<div class=\"elementor-widget-wrap elementor-element-populated\">\n\t\t\t\t\t\t<div class=\"elementor-element elementor-element-99900af elementor-widget elementor-widget-deon_core_section_title\" data-id=\"99900af\" data-element_type=\"widget\" data-e-type=\"widget\" data-widget_type=\"deon_core_section_title.default\">\n\t\t\t\t<div class=\"elementor-widget-container\">\n\t\t\t\t\t<div class=\"qodef-shortcode qodef-m  qodef-section-title qodef-alignment--center  \">\n\t\t\t<h3 class=\"qodef-m-title\" style=\"background-image: -webkit-linear-gradient(45deg,#5cc3ee 0%, #5d91ef 29%, #5e5ef0 50%, #86A8E7 73%, #4286F4 100%);-webkit-background-clip: text; -webkit-text-fill-color: transparent;\">\n\t\t\t\t\tUn guide<br \/> pour toutes les parties prenantes<br \/> d\u2019Ecoprogram Flotte dans la prise de d\u00e9cisions toujours \u00e9thiquement correctes.\t\t\t<\/h3>\n\t\t\t<\/div>\n\t\t\t\t<\/div>\n\t\t\t\t<\/div>\n\t\t\t\t\t<\/div>\n\t\t<\/div>\n\t\t\t\t\t<\/div>\n\t\t<\/section>\n\t\t\t\t<section class=\"elementor-section elementor-top-section elementor-element elementor-element-58a5b06 elementor-section-full_width elementor-section-height-default elementor-section-height-default qodef-elementor-content-no\" data-id=\"58a5b06\" data-element_type=\"section\" data-e-type=\"section\" data-settings=\"{&quot;background_background&quot;:&quot;classic&quot;}\">\n\t\t\t\t\t\t<div class=\"elementor-container elementor-column-gap-no\">\n\t\t\t\t\t<div class=\"elementor-column elementor-col-100 elementor-top-column elementor-element elementor-element-81648e5 qodef-gradient-background-column--no\" data-id=\"81648e5\" data-element_type=\"column\" data-e-type=\"column\">\n\t\t\t<div class=\"elementor-widget-wrap elementor-element-populated\">\n\t\t\t\t\t\t<section class=\"elementor-section elementor-inner-section elementor-element elementor-element-6d021b6 elementor-section-full_width qodef-elementor-content-grid elementor-section-height-default elementor-section-height-default\" data-id=\"6d021b6\" data-element_type=\"section\" data-e-type=\"section\">\n\t\t\t\t\t\t<div class=\"elementor-container elementor-column-gap-default\">\n\t\t\t\t\t<div class=\"elementor-column elementor-col-50 elementor-inner-column elementor-element elementor-element-56bb8f7 qodef-gradient-background-column--no\" data-id=\"56bb8f7\" data-element_type=\"column\" data-e-type=\"column\">\n\t\t\t<div class=\"elementor-widget-wrap elementor-element-populated\">\n\t\t\t\t\t\t<div class=\"elementor-element elementor-element-7124e89 elementor-widget elementor-widget-deon_core_section_title\" data-id=\"7124e89\" data-element_type=\"widget\" data-e-type=\"widget\" data-widget_type=\"deon_core_section_title.default\">\n\t\t\t\t<div class=\"elementor-widget-container\">\n\t\t\t\t\t<div class=\"qodef-shortcode qodef-m  qodef-section-title qodef-alignment--left  \">\n\t\t\t<h3 class=\"qodef-m-title\" style=\"color: #FFFFFF;margin-top:14px;\">\n\t\t\t\t\tCharte \u00e9thique\t\t\t<\/h3>\n\t\t\t<\/div>\n\t\t\t\t<\/div>\n\t\t\t\t<\/div>\n\t\t\t\t<div class=\"elementor-element elementor-element-48ce28d elementor-widget elementor-widget-text-editor\" data-id=\"48ce28d\" data-element_type=\"widget\" data-e-type=\"widget\" data-widget_type=\"text-editor.default\">\n\t\t\t\t<div class=\"elementor-widget-container\">\n\t\t\t\t\t\t\t\t\tLa Charte \u00e9thique est une ressource pour s\u2019informer sur les <strong>valeurs<\/strong> d\u2019Ecoprogram Flotte et du Groupe Ecoprogram et sur la fa\u00e7on de les mettre en pratique au quotidien.\r\n\r\n&nbsp;\r\n\r\nElle d\u00e9finit les principes et r\u00e8gles de conduite des managers, collaborateurs, fournisseurs, consultants et partenaires.\t\t\t\t\t\t\t\t<\/div>\n\t\t\t\t<\/div>\n\t\t\t\t<div class=\"elementor-element elementor-element-ac084f2 elementor-widget elementor-widget-deon_core_button\" data-id=\"ac084f2\" data-element_type=\"widget\" data-e-type=\"widget\" data-widget_type=\"deon_core_button.default\">\n\t\t\t\t<div class=\"elementor-widget-container\">\n\t\t\t\t\t<a class=\"qodef-shortcode qodef-m  qodef-button qodef-layout--outlined   qodef-html--link\" href=\"\/wp-content\/uploads\/2022\/04\/Codice-Etico-ECOPROGRAM.pdf\" target=\"_blank\"  style=\"color: #FFFFFF\">\n\t<span class=\"qodef-m-text\">Download<\/span>\n<\/a>\n\t\t\t\t<\/div>\n\t\t\t\t<\/div>\n\t\t\t\t\t<\/div>\n\t\t<\/div>\n\t\t\t\t<div class=\"elementor-column elementor-col-50 elementor-inner-column elementor-element elementor-element-d04f3c6 qodef-gradient-background-column--no\" data-id=\"d04f3c6\" data-element_type=\"column\" data-e-type=\"column\">\n\t\t\t<div class=\"elementor-widget-wrap elementor-element-populated\">\n\t\t\t\t\t\t<div class=\"elementor-element elementor-element-959b85d elementor-widget elementor-widget-deon_core_single_image\" data-id=\"959b85d\" data-element_type=\"widget\" data-e-type=\"widget\" data-widget_type=\"deon_core_single_image.default\">\n\t\t\t\t<div class=\"elementor-widget-container\">\n\t\t\t\t\t<div class=\"qodef-shortcode qodef-m  qodef-single-image qodef-layout--default qodef-parallax-item  \" >\n\t\t<div class=\"qodef-m-image \">\n\t\t\t\t\t<a itemprop=\"url\" href=\"\/wp-content\/uploads\/2022\/04\/Codice-Etico-ECOPROGRAM.pdf\" target=\"_blank\">\n\t\t\t\t\t<img fetchpriority=\"high\" decoding=\"async\" width=\"780\" height=\"620\" src=\"https:\/\/ecoprogramflotte.com\/wp-content\/uploads\/2022\/04\/a4-Codice-Etico.png\" class=\"attachment-full size-full\" alt=\"Codice Etico Eco Program Flotte\" srcset=\"https:\/\/ecoprogramflotte.com\/wp-content\/uploads\/2022\/04\/a4-Codice-Etico.png 780w, https:\/\/ecoprogramflotte.com\/wp-content\/uploads\/2022\/04\/a4-Codice-Etico-300x238.png 300w, https:\/\/ecoprogramflotte.com\/wp-content\/uploads\/2022\/04\/a4-Codice-Etico-768x610.png 768w\" sizes=\"(max-width: 780px) 100vw, 780px\" \/>\t\t\t\t\t<\/a>\n\t\t\t<\/div>\n<\/div>\n\t\t\t\t<\/div>\n\t\t\t\t<\/div>\n\t\t\t\t\t<\/div>\n\t\t<\/div>\n\t\t\t\t\t<\/div>\n\t\t<\/section>\n\t\t\t\t\t<\/div>\n\t\t<\/div>\n\t\t\t\t\t<\/div>\n\t\t<\/section>\n\t\t\t\t<section class=\"elementor-section elementor-top-section elementor-element elementor-element-efd1e7e elementor-section-full_width elementor-section-height-default elementor-section-height-default qodef-elementor-content-no\" data-id=\"efd1e7e\" data-element_type=\"section\" data-e-type=\"section\" data-settings=\"{&quot;background_background&quot;:&quot;classic&quot;}\">\n\t\t\t\t\t\t<div class=\"elementor-container elementor-column-gap-default\">\n\t\t\t\t\t<div class=\"elementor-column elementor-col-100 elementor-top-column elementor-element elementor-element-f879e4c qodef-gradient-background-column--no\" data-id=\"f879e4c\" data-element_type=\"column\" data-e-type=\"column\">\n\t\t\t<div class=\"elementor-widget-wrap elementor-element-populated\">\n\t\t\t\t\t\t<div class=\"elementor-element elementor-element-83ade6d elementor-widget elementor-widget-image\" data-id=\"83ade6d\" data-element_type=\"widget\" data-e-type=\"widget\" data-widget_type=\"image.default\">\n\t\t\t\t<div class=\"elementor-widget-container\">\n\t\t\t\t\t\t\t\t\t\t\t\t\t\t\t<img decoding=\"async\" width=\"400\" height=\"80\" src=\"https:\/\/ecoprogramflotte.com\/wp-content\/uploads\/2022\/05\/ecoprogram-flotte-logo-white.png\" class=\"attachment-large size-large wp-image-14583\" alt=\"\" srcset=\"https:\/\/ecoprogramflotte.com\/wp-content\/uploads\/2022\/05\/ecoprogram-flotte-logo-white.png 400w, https:\/\/ecoprogramflotte.com\/wp-content\/uploads\/2022\/05\/ecoprogram-flotte-logo-white-300x60.png 300w\" sizes=\"(max-width: 400px) 100vw, 400px\" \/>\t\t\t\t\t\t\t\t\t\t\t\t\t\t\t<\/div>\n\t\t\t\t<\/div>\n\t\t\t\t\t<\/div>\n\t\t<\/div>\n\t\t\t\t\t<\/div>\n\t\t<\/section>\n\t\t\t\t<\/div>\n\t\t","protected":false},"excerpt":{"rendered":"<p>Charte \u00e9thique Un guide pour toutes les parties prenantes d\u2019Ecoprogram Flotte dans la prise de d\u00e9cisions toujours \u00e9thiquement correctes. Charte \u00e9thique La Charte \u00e9thique est une ressource pour s\u2019informer sur les valeurs d\u2019Ecoprogram Flotte et du Groupe Ecoprogram et sur la fa\u00e7on de les mettre en pratique au quotidien. &nbsp; Elle d\u00e9finit les principes et [&hellip;]<\/p>\n","protected":false},"author":2,"featured_media":0,"parent":0,"menu_order":0,"comment_status":"closed","ping_status":"closed","template":"page-full-width.php","meta":{"_acf_changed":false,"footnotes":""},"class_list":["post-15139","page","type-page","status-publish","hentry"],"acf":[],"yoast_head":"<!-- This site is optimized with the Yoast SEO plugin v27.4 - https:\/\/yoast.com\/product\/yoast-seo-wordpress\/ -->\n<title>Charte \u00e9thique - Eco Program Flotte S.p.A.<\/title>\n<meta name=\"description\" content=\"La Charte \u00e9thique est une ressource pour s\u2019informer sur les valeurs d\u2019Ecoprogram Flotte et du Groupe Ecoprogram et sur la fa\u00e7on de les mettre en pratique au quotidien.\" \/>\n<meta name=\"robots\" content=\"index, follow, max-snippet:-1, max-image-preview:large, max-video-preview:-1\" \/>\n<link rel=\"canonical\" href=\"https:\/\/ecoprogramflotte.com\/fr\/charte-ethique\/\" \/>\n<meta property=\"og:locale\" content=\"fr_FR\" \/>\n<meta property=\"og:type\" content=\"article\" \/>\n<meta property=\"og:title\" content=\"Charte \u00e9thique - Eco Program Flotte S.p.A.\" \/>\n<meta property=\"og:description\" content=\"La Charte \u00e9thique est une ressource pour s\u2019informer sur les valeurs d\u2019Ecoprogram Flotte et du Groupe Ecoprogram et sur la fa\u00e7on de les mettre en pratique au quotidien.\" \/>\n<meta property=\"og:url\" content=\"https:\/\/ecoprogramflotte.com\/fr\/charte-ethique\/\" \/>\n<meta property=\"og:site_name\" content=\"Eco Program Flotte S.p.A.\" \/>\n<meta property=\"article:modified_time\" content=\"2022-07-25T12:36:50+00:00\" \/>\n<meta property=\"og:image\" content=\"https:\/\/ecoprogramflotte.com\/wp-content\/uploads\/2022\/04\/a4-Codice-Etico.png\" \/>\n<meta name=\"twitter:card\" content=\"summary_large_image\" \/>\n<meta name=\"twitter:label1\" content=\"Dur\u00e9e de lecture estim\u00e9e\" \/>\n\t<meta name=\"twitter:data1\" content=\"1 minute\" \/>\n<script type=\"application\/ld+json\" class=\"yoast-schema-graph\">{\"@context\":\"https:\\\/\\\/schema.org\",\"@graph\":[{\"@type\":\"WebPage\",\"@id\":\"https:\\\/\\\/ecoprogramflotte.com\\\/fr\\\/charte-ethique\\\/\",\"url\":\"https:\\\/\\\/ecoprogramflotte.com\\\/fr\\\/charte-ethique\\\/\",\"name\":\"Charte \u00e9thique - Eco Program Flotte S.p.A.\",\"isPartOf\":{\"@id\":\"https:\\\/\\\/ecoprogramflotte.com\\\/fr\\\/#website\"},\"primaryImageOfPage\":{\"@id\":\"https:\\\/\\\/ecoprogramflotte.com\\\/fr\\\/charte-ethique\\\/#primaryimage\"},\"image\":{\"@id\":\"https:\\\/\\\/ecoprogramflotte.com\\\/fr\\\/charte-ethique\\\/#primaryimage\"},\"thumbnailUrl\":\"https:\\\/\\\/ecoprogramflotte.com\\\/wp-content\\\/uploads\\\/2022\\\/04\\\/a4-Codice-Etico.png\",\"datePublished\":\"2022-04-26T08:07:33+00:00\",\"dateModified\":\"2022-07-25T12:36:50+00:00\",\"description\":\"La Charte \u00e9thique est une ressource pour s\u2019informer sur les valeurs d\u2019Ecoprogram Flotte et du Groupe Ecoprogram et sur la fa\u00e7on de les mettre en pratique au quotidien.\",\"breadcrumb\":{\"@id\":\"https:\\\/\\\/ecoprogramflotte.com\\\/fr\\\/charte-ethique\\\/#breadcrumb\"},\"inLanguage\":\"fr-FR\",\"potentialAction\":[{\"@type\":\"ReadAction\",\"target\":[\"https:\\\/\\\/ecoprogramflotte.com\\\/fr\\\/charte-ethique\\\/\"]}]},{\"@type\":\"ImageObject\",\"inLanguage\":\"fr-FR\",\"@id\":\"https:\\\/\\\/ecoprogramflotte.com\\\/fr\\\/charte-ethique\\\/#primaryimage\",\"url\":\"https:\\\/\\\/ecoprogramflotte.com\\\/wp-content\\\/uploads\\\/2022\\\/04\\\/a4-Codice-Etico.png\",\"contentUrl\":\"https:\\\/\\\/ecoprogramflotte.com\\\/wp-content\\\/uploads\\\/2022\\\/04\\\/a4-Codice-Etico.png\"},{\"@type\":\"BreadcrumbList\",\"@id\":\"https:\\\/\\\/ecoprogramflotte.com\\\/fr\\\/charte-ethique\\\/#breadcrumb\",\"itemListElement\":[{\"@type\":\"ListItem\",\"position\":1,\"name\":\"Home\",\"item\":\"https:\\\/\\\/ecoprogramflotte.com\\\/fr\\\/\"},{\"@type\":\"ListItem\",\"position\":2,\"name\":\"Charte \u00e9thique\"}]},{\"@type\":\"WebSite\",\"@id\":\"https:\\\/\\\/ecoprogramflotte.com\\\/fr\\\/#website\",\"url\":\"https:\\\/\\\/ecoprogramflotte.com\\\/fr\\\/\",\"name\":\"Eco Program Flotte S.p.A.\",\"description\":\"Think beyond\",\"potentialAction\":[{\"@type\":\"SearchAction\",\"target\":{\"@type\":\"EntryPoint\",\"urlTemplate\":\"https:\\\/\\\/ecoprogramflotte.com\\\/fr\\\/?s={search_term_string}\"},\"query-input\":{\"@type\":\"PropertyValueSpecification\",\"valueRequired\":true,\"valueName\":\"search_term_string\"}}],\"inLanguage\":\"fr-FR\"}]}<\/script>\n<!-- \/ Yoast SEO plugin. -->","yoast_head_json":{"title":"Charte \u00e9thique - Eco Program Flotte S.p.A.","description":"La Charte \u00e9thique est une ressource pour s\u2019informer sur les valeurs d\u2019Ecoprogram Flotte et du Groupe Ecoprogram et sur la fa\u00e7on de les mettre en pratique au quotidien.","robots":{"index":"index","follow":"follow","max-snippet":"max-snippet:-1","max-image-preview":"max-image-preview:large","max-video-preview":"max-video-preview:-1"},"canonical":"https:\/\/ecoprogramflotte.com\/fr\/charte-ethique\/","og_locale":"fr_FR","og_type":"article","og_title":"Charte \u00e9thique - Eco Program Flotte S.p.A.","og_description":"La Charte \u00e9thique est une ressource pour s\u2019informer sur les valeurs d\u2019Ecoprogram Flotte et du Groupe Ecoprogram et sur la fa\u00e7on de les mettre en pratique au quotidien.","og_url":"https:\/\/ecoprogramflotte.com\/fr\/charte-ethique\/","og_site_name":"Eco Program Flotte S.p.A.","article_modified_time":"2022-07-25T12:36:50+00:00","og_image":[{"url":"https:\/\/ecoprogramflotte.com\/wp-content\/uploads\/2022\/04\/a4-Codice-Etico.png","type":"","width":"","height":""}],"twitter_card":"summary_large_image","twitter_misc":{"Dur\u00e9e de lecture estim\u00e9e":"1 minute"},"schema":{"@context":"https:\/\/schema.org","@graph":[{"@type":"WebPage","@id":"https:\/\/ecoprogramflotte.com\/fr\/charte-ethique\/","url":"https:\/\/ecoprogramflotte.com\/fr\/charte-ethique\/","name":"Charte \u00e9thique - Eco Program Flotte S.p.A.","isPartOf":{"@id":"https:\/\/ecoprogramflotte.com\/fr\/#website"},"primaryImageOfPage":{"@id":"https:\/\/ecoprogramflotte.com\/fr\/charte-ethique\/#primaryimage"},"image":{"@id":"https:\/\/ecoprogramflotte.com\/fr\/charte-ethique\/#primaryimage"},"thumbnailUrl":"https:\/\/ecoprogramflotte.com\/wp-content\/uploads\/2022\/04\/a4-Codice-Etico.png","datePublished":"2022-04-26T08:07:33+00:00","dateModified":"2022-07-25T12:36:50+00:00","description":"La Charte \u00e9thique est une ressource pour s\u2019informer sur les valeurs d\u2019Ecoprogram Flotte et du Groupe Ecoprogram et sur la fa\u00e7on de les mettre en pratique au quotidien.","breadcrumb":{"@id":"https:\/\/ecoprogramflotte.com\/fr\/charte-ethique\/#breadcrumb"},"inLanguage":"fr-FR","potentialAction":[{"@type":"ReadAction","target":["https:\/\/ecoprogramflotte.com\/fr\/charte-ethique\/"]}]},{"@type":"ImageObject","inLanguage":"fr-FR","@id":"https:\/\/ecoprogramflotte.com\/fr\/charte-ethique\/#primaryimage","url":"https:\/\/ecoprogramflotte.com\/wp-content\/uploads\/2022\/04\/a4-Codice-Etico.png","contentUrl":"https:\/\/ecoprogramflotte.com\/wp-content\/uploads\/2022\/04\/a4-Codice-Etico.png"},{"@type":"BreadcrumbList","@id":"https:\/\/ecoprogramflotte.com\/fr\/charte-ethique\/#breadcrumb","itemListElement":[{"@type":"ListItem","position":1,"name":"Home","item":"https:\/\/ecoprogramflotte.com\/fr\/"},{"@type":"ListItem","position":2,"name":"Charte \u00e9thique"}]},{"@type":"WebSite","@id":"https:\/\/ecoprogramflotte.com\/fr\/#website","url":"https:\/\/ecoprogramflotte.com\/fr\/","name":"Eco Program Flotte S.p.A.","description":"Think beyond","potentialAction":[{"@type":"SearchAction","target":{"@type":"EntryPoint","urlTemplate":"https:\/\/ecoprogramflotte.com\/fr\/?s={search_term_string}"},"query-input":{"@type":"PropertyValueSpecification","valueRequired":true,"valueName":"search_term_string"}}],"inLanguage":"fr-FR"}]}},"_links":{"self":[{"href":"https:\/\/ecoprogramflotte.com\/fr\/wp-json\/wp\/v2\/pages\/15139","targetHints":{"allow":["GET"]}}],"collection":[{"href":"https:\/\/ecoprogramflotte.com\/fr\/wp-json\/wp\/v2\/pages"}],"about":[{"href":"https:\/\/ecoprogramflotte.com\/fr\/wp-json\/wp\/v2\/types\/page"}],"author":[{"embeddable":true,"href":"https:\/\/ecoprogramflotte.com\/fr\/wp-json\/wp\/v2\/users\/2"}],"replies":[{"embeddable":true,"href":"https:\/\/ecoprogramflotte.com\/fr\/wp-json\/wp\/v2\/comments?post=15139"}],"version-history":[{"count":4,"href":"https:\/\/ecoprogramflotte.com\/fr\/wp-json\/wp\/v2\/pages\/15139\/revisions"}],"predecessor-version":[{"id":15143,"href":"https:\/\/ecoprogramflotte.com\/fr\/wp-json\/wp\/v2\/pages\/15139\/revisions\/15143"}],"wp:attachment":[{"href":"https:\/\/ecoprogramflotte.com\/fr\/wp-json\/wp\/v2\/media?parent=15139"}],"curies":[{"name":"wp","href":"https:\/\/api.w.org\/{rel}","templated":true}]}}