{"id":15144,"date":"2022-04-26T10:23:09","date_gmt":"2022-04-26T08:23:09","guid":{"rendered":"https:\/\/ecoprogramflotte.com\/modele-231\/"},"modified":"2022-07-25T14:38:17","modified_gmt":"2022-07-25T12:38:17","slug":"modele-231","status":"publish","type":"page","link":"https:\/\/ecoprogramflotte.com\/fr\/modele-231\/","title":{"rendered":"Mod\u00e8le 231"},"content":{"rendered":"\t\t<div data-elementor-type=\"wp-page\" data-elementor-id=\"15144\" class=\"elementor elementor-15144 elementor-12377\">\n\t\t\t\t\t\t<section class=\"elementor-section elementor-top-section elementor-element elementor-element-b85db0b elementor-section-full_width elementor-section-height-default elementor-section-height-default qodef-elementor-content-no\" data-id=\"b85db0b\" data-element_type=\"section\" data-e-type=\"section\">\n\t\t\t\t\t\t<div class=\"elementor-container elementor-column-gap-default\">\n\t\t\t\t\t<div class=\"elementor-column elementor-col-100 elementor-top-column elementor-element elementor-element-a70b7d8 qodef-gradient-background-column--no\" data-id=\"a70b7d8\" data-element_type=\"column\" data-e-type=\"column\">\n\t\t\t<div class=\"elementor-widget-wrap elementor-element-populated\">\n\t\t\t\t\t\t<div class=\"elementor-element elementor-element-bc54ef4 elementor-widget__width-initial elementor-widget-mobile__width-inherit elementor-widget elementor-widget-deon_core_section_title\" data-id=\"bc54ef4\" data-element_type=\"widget\" data-e-type=\"widget\" data-widget_type=\"deon_core_section_title.default\">\n\t\t\t\t<div class=\"elementor-widget-container\">\n\t\t\t\t\t<div class=\"qodef-shortcode qodef-m  qodef-section-title qodef-alignment--left  qodef--has-appear\">\n\t\t\t<h1 class=\"qodef-m-title\" style=\"background-image: -webkit-linear-gradient(45deg,#5cc3ee 0%, #5d91ef 29%, #7F7FD5 50%, #86A8E7 73%, #4286F4 100%);-webkit-background-clip: text; -webkit-text-fill-color: transparent;\">\n\t\t\t\t\tMod\u00e8le 231\t\t\t<\/h1>\n\t\t\t<\/div>\n\t\t\t\t<\/div>\n\t\t\t\t<\/div>\n\t\t\t\t\t<\/div>\n\t\t<\/div>\n\t\t\t\t\t<\/div>\n\t\t<\/section>\n\t\t\t\t<section class=\"elementor-section elementor-top-section elementor-element elementor-element-02e5e85 elementor-section-full_width qodef-elementor-content-grid elementor-section-height-default elementor-section-height-default\" data-id=\"02e5e85\" data-element_type=\"section\" data-e-type=\"section\">\n\t\t\t\t\t\t<div class=\"elementor-container elementor-column-gap-default\">\n\t\t\t\t\t<div class=\"elementor-column elementor-col-100 elementor-top-column elementor-element elementor-element-efd8b0b qodef-gradient-background-column--no\" data-id=\"efd8b0b\" data-element_type=\"column\" data-e-type=\"column\">\n\t\t\t<div class=\"elementor-widget-wrap elementor-element-populated\">\n\t\t\t\t\t\t<div class=\"elementor-element elementor-element-99900af elementor-widget elementor-widget-deon_core_section_title\" data-id=\"99900af\" data-element_type=\"widget\" data-e-type=\"widget\" data-widget_type=\"deon_core_section_title.default\">\n\t\t\t\t<div class=\"elementor-widget-container\">\n\t\t\t\t\t<div class=\"qodef-shortcode qodef-m  qodef-section-title qodef-alignment--center  \">\n\t\t\t<h3 class=\"qodef-m-title\" style=\"background-image: -webkit-linear-gradient(45deg,#5cc3ee 0%, #5d91ef 29%, #5e5ef0 50%, #86A8E7 73%, #4286F4 100%);-webkit-background-clip: text; -webkit-text-fill-color: transparent;\">\n\t\t\t\t\tL\u2019entreprise s\u2019organise en plusieurs<br \/> domaines, chacun avec son responsable et sa<br \/> r\u00e9partition propre en plusieurs fonctions.\t\t\t<\/h3>\n\t\t\t<\/div>\n\t\t\t\t<\/div>\n\t\t\t\t<\/div>\n\t\t\t\t\t<\/div>\n\t\t<\/div>\n\t\t\t\t\t<\/div>\n\t\t<\/section>\n\t\t\t\t<section class=\"elementor-section elementor-top-section elementor-element elementor-element-58a5b06 elementor-section-full_width elementor-section-height-default elementor-section-height-default qodef-elementor-content-no\" data-id=\"58a5b06\" data-element_type=\"section\" data-e-type=\"section\" data-settings=\"{&quot;background_background&quot;:&quot;classic&quot;}\">\n\t\t\t\t\t\t<div class=\"elementor-container elementor-column-gap-no\">\n\t\t\t\t\t<div class=\"elementor-column elementor-col-100 elementor-top-column elementor-element elementor-element-81648e5 qodef-gradient-background-column--no\" data-id=\"81648e5\" data-element_type=\"column\" data-e-type=\"column\">\n\t\t\t<div class=\"elementor-widget-wrap elementor-element-populated\">\n\t\t\t\t\t\t<section class=\"elementor-section elementor-inner-section elementor-element elementor-element-6d021b6 elementor-section-full_width qodef-elementor-content-grid elementor-section-height-default elementor-section-height-default\" data-id=\"6d021b6\" data-element_type=\"section\" data-e-type=\"section\">\n\t\t\t\t\t\t<div class=\"elementor-container elementor-column-gap-default\">\n\t\t\t\t\t<div class=\"elementor-column elementor-col-50 elementor-inner-column elementor-element elementor-element-56bb8f7 qodef-gradient-background-column--no\" data-id=\"56bb8f7\" data-element_type=\"column\" data-e-type=\"column\">\n\t\t\t<div class=\"elementor-widget-wrap elementor-element-populated\">\n\t\t\t\t\t\t<div class=\"elementor-element elementor-element-7124e89 elementor-widget elementor-widget-deon_core_section_title\" data-id=\"7124e89\" data-element_type=\"widget\" data-e-type=\"widget\" data-widget_type=\"deon_core_section_title.default\">\n\t\t\t\t<div class=\"elementor-widget-container\">\n\t\t\t\t\t<div class=\"qodef-shortcode qodef-m  qodef-section-title qodef-alignment--left  \">\n\t\t\t<h3 class=\"qodef-m-title\" style=\"color: #FFFFFF;margin-top:14px;\">\n\t\t\t\t\tMod\u00e8le 231\t\t\t<\/h3>\n\t\t\t<\/div>\n\t\t\t\t<\/div>\n\t\t\t\t<\/div>\n\t\t\t\t<div class=\"elementor-element elementor-element-48ce28d elementor-widget elementor-widget-text-editor\" data-id=\"48ce28d\" data-element_type=\"widget\" data-e-type=\"widget\" data-widget_type=\"text-editor.default\">\n\t\t\t\t<div class=\"elementor-widget-container\">\n\t\t\t\t\t\t\t\t\tEcoprogram Flotte S.p.A. a adopt\u00e9 un syst\u00e8me d\u2019administration et de contr\u00f4le traditionnel, fond\u00e9 sur la pr\u00e9sence d\u2019un Conseil d\u2019Administration compos\u00e9 de quatre membres, dont le Pr\u00e9sident, et d\u2019un Coll\u00e8ge des Commissaires aux Comptes, compos\u00e9 de trois membres titulaires et de deux suppl\u00e9ants, qui d\u00e9tient les pouvoirs de contr\u00f4le de gestion avec l\u2019aide d\u2019un cabinet d\u2019audit l\u00e9gal.\t\t\t\t\t\t\t\t<\/div>\n\t\t\t\t<\/div>\n\t\t\t\t<div class=\"elementor-element elementor-element-ac084f2 elementor-widget elementor-widget-deon_core_button\" data-id=\"ac084f2\" data-element_type=\"widget\" data-e-type=\"widget\" data-widget_type=\"deon_core_button.default\">\n\t\t\t\t<div class=\"elementor-widget-container\">\n\t\t\t\t\t<a class=\"qodef-shortcode qodef-m  qodef-button qodef-layout--outlined   qodef-html--link\" href=\"\/wp-content\/uploads\/2022\/05\/MOGC231-Eco-Program-Flotte-20220510.pdf\" target=\"_blank\"  style=\"color: #FFFFFF\">\n\t<span class=\"qodef-m-text\">Download<\/span>\n<\/a>\n\t\t\t\t<\/div>\n\t\t\t\t<\/div>\n\t\t\t\t\t<\/div>\n\t\t<\/div>\n\t\t\t\t<div class=\"elementor-column elementor-col-50 elementor-inner-column elementor-element elementor-element-d04f3c6 qodef-gradient-background-column--no\" data-id=\"d04f3c6\" data-element_type=\"column\" data-e-type=\"column\">\n\t\t\t<div class=\"elementor-widget-wrap elementor-element-populated\">\n\t\t\t\t\t\t<div class=\"elementor-element elementor-element-959b85d elementor-widget elementor-widget-deon_core_single_image\" data-id=\"959b85d\" data-element_type=\"widget\" data-e-type=\"widget\" data-widget_type=\"deon_core_single_image.default\">\n\t\t\t\t<div class=\"elementor-widget-container\">\n\t\t\t\t\t<div class=\"qodef-shortcode qodef-m  qodef-single-image qodef-layout--default qodef-parallax-item  \" >\n\t\t<div class=\"qodef-m-image \">\n\t\t\t\t\t<a itemprop=\"url\" href=\"\/wp-content\/uploads\/2022\/04\/MOGC231-Eco-Program-Flotte.pdf\" target=\"_blank\">\n\t\t\t\t\t<img fetchpriority=\"high\" decoding=\"async\" width=\"780\" height=\"620\" src=\"https:\/\/ecoprogramflotte.com\/wp-content\/uploads\/2022\/04\/a4-Modello-231.png\" class=\"attachment-full size-full\" alt=\"Modello 231 Eco Program Flotte\" srcset=\"https:\/\/ecoprogramflotte.com\/wp-content\/uploads\/2022\/04\/a4-Modello-231.png 780w, https:\/\/ecoprogramflotte.com\/wp-content\/uploads\/2022\/04\/a4-Modello-231-300x238.png 300w, https:\/\/ecoprogramflotte.com\/wp-content\/uploads\/2022\/04\/a4-Modello-231-768x610.png 768w\" sizes=\"(max-width: 780px) 100vw, 780px\" \/>\t\t\t\t\t<\/a>\n\t\t\t<\/div>\n<\/div>\n\t\t\t\t<\/div>\n\t\t\t\t<\/div>\n\t\t\t\t\t<\/div>\n\t\t<\/div>\n\t\t\t\t\t<\/div>\n\t\t<\/section>\n\t\t\t\t\t<\/div>\n\t\t<\/div>\n\t\t\t\t\t<\/div>\n\t\t<\/section>\n\t\t\t\t<section class=\"elementor-section elementor-top-section elementor-element elementor-element-efd1e7e elementor-section-full_width elementor-section-height-default elementor-section-height-default qodef-elementor-content-no\" data-id=\"efd1e7e\" data-element_type=\"section\" data-e-type=\"section\" data-settings=\"{&quot;background_background&quot;:&quot;classic&quot;}\">\n\t\t\t\t\t\t<div class=\"elementor-container elementor-column-gap-default\">\n\t\t\t\t\t<div class=\"elementor-column elementor-col-100 elementor-top-column elementor-element elementor-element-f879e4c qodef-gradient-background-column--no\" data-id=\"f879e4c\" data-element_type=\"column\" data-e-type=\"column\">\n\t\t\t<div class=\"elementor-widget-wrap elementor-element-populated\">\n\t\t\t\t\t\t<div class=\"elementor-element elementor-element-83ade6d elementor-widget elementor-widget-image\" data-id=\"83ade6d\" data-element_type=\"widget\" data-e-type=\"widget\" data-widget_type=\"image.default\">\n\t\t\t\t<div class=\"elementor-widget-container\">\n\t\t\t\t\t\t\t\t\t\t\t\t\t\t\t<img decoding=\"async\" width=\"400\" height=\"80\" src=\"https:\/\/ecoprogramflotte.com\/wp-content\/uploads\/2022\/05\/ecoprogram-flotte-logo-white.png\" class=\"attachment-large size-large wp-image-14583\" alt=\"\" srcset=\"https:\/\/ecoprogramflotte.com\/wp-content\/uploads\/2022\/05\/ecoprogram-flotte-logo-white.png 400w, https:\/\/ecoprogramflotte.com\/wp-content\/uploads\/2022\/05\/ecoprogram-flotte-logo-white-300x60.png 300w\" sizes=\"(max-width: 400px) 100vw, 400px\" \/>\t\t\t\t\t\t\t\t\t\t\t\t\t\t\t<\/div>\n\t\t\t\t<\/div>\n\t\t\t\t\t<\/div>\n\t\t<\/div>\n\t\t\t\t\t<\/div>\n\t\t<\/section>\n\t\t\t\t<\/div>\n\t\t","protected":false},"excerpt":{"rendered":"<p>Mod\u00e8le 231 L\u2019entreprise s\u2019organise en plusieurs domaines, chacun avec son responsable et sa r\u00e9partition propre en plusieurs fonctions. Mod\u00e8le 231 Ecoprogram Flotte S.p.A. a adopt\u00e9 un syst\u00e8me d\u2019administration et de contr\u00f4le traditionnel, fond\u00e9 sur la pr\u00e9sence d\u2019un Conseil d\u2019Administration compos\u00e9 de quatre membres, dont le Pr\u00e9sident, et d\u2019un Coll\u00e8ge des Commissaires aux Comptes, compos\u00e9 de [&hellip;]<\/p>\n","protected":false},"author":2,"featured_media":0,"parent":0,"menu_order":0,"comment_status":"closed","ping_status":"closed","template":"page-full-width.php","meta":{"_acf_changed":false,"footnotes":""},"class_list":["post-15144","page","type-page","status-publish","hentry"],"acf":[],"yoast_head":"<!-- This site is optimized with the Yoast SEO plugin v27.4 - https:\/\/yoast.com\/product\/yoast-seo-wordpress\/ -->\n<title>Mod\u00e8le 231 - Eco Program Flotte S.p.A.<\/title>\n<meta name=\"robots\" content=\"index, follow, max-snippet:-1, max-image-preview:large, max-video-preview:-1\" \/>\n<link rel=\"canonical\" href=\"https:\/\/ecoprogramflotte.com\/fr\/modele-231\/\" \/>\n<meta property=\"og:locale\" content=\"fr_FR\" \/>\n<meta property=\"og:type\" content=\"article\" \/>\n<meta property=\"og:title\" content=\"Mod\u00e8le 231 - Eco Program Flotte S.p.A.\" \/>\n<meta property=\"og:description\" content=\"Mod\u00e8le 231 L\u2019entreprise s\u2019organise en plusieurs domaines, chacun avec son responsable et sa r\u00e9partition propre en plusieurs fonctions. Mod\u00e8le 231 Ecoprogram Flotte S.p.A. a adopt\u00e9 un syst\u00e8me d\u2019administration et de contr\u00f4le traditionnel, fond\u00e9 sur la pr\u00e9sence d\u2019un Conseil d\u2019Administration compos\u00e9 de quatre membres, dont le Pr\u00e9sident, et d\u2019un Coll\u00e8ge des Commissaires aux Comptes, compos\u00e9 de [&hellip;]\" \/>\n<meta property=\"og:url\" content=\"https:\/\/ecoprogramflotte.com\/fr\/modele-231\/\" \/>\n<meta property=\"og:site_name\" content=\"Eco Program Flotte S.p.A.\" \/>\n<meta property=\"article:modified_time\" content=\"2022-07-25T12:38:17+00:00\" \/>\n<meta property=\"og:image\" content=\"https:\/\/ecoprogramflotte.com\/wp-content\/uploads\/2022\/04\/a4-Modello-231.png\" \/>\n<meta name=\"twitter:card\" content=\"summary_large_image\" \/>\n<meta name=\"twitter:label1\" content=\"Dur\u00e9e de lecture estim\u00e9e\" \/>\n\t<meta name=\"twitter:data1\" content=\"1 minute\" \/>\n<script type=\"application\/ld+json\" class=\"yoast-schema-graph\">{\"@context\":\"https:\\\/\\\/schema.org\",\"@graph\":[{\"@type\":\"WebPage\",\"@id\":\"https:\\\/\\\/ecoprogramflotte.com\\\/fr\\\/modele-231\\\/\",\"url\":\"https:\\\/\\\/ecoprogramflotte.com\\\/fr\\\/modele-231\\\/\",\"name\":\"Mod\u00e8le 231 - Eco Program Flotte S.p.A.\",\"isPartOf\":{\"@id\":\"https:\\\/\\\/ecoprogramflotte.com\\\/fr\\\/#website\"},\"primaryImageOfPage\":{\"@id\":\"https:\\\/\\\/ecoprogramflotte.com\\\/fr\\\/modele-231\\\/#primaryimage\"},\"image\":{\"@id\":\"https:\\\/\\\/ecoprogramflotte.com\\\/fr\\\/modele-231\\\/#primaryimage\"},\"thumbnailUrl\":\"https:\\\/\\\/ecoprogramflotte.com\\\/wp-content\\\/uploads\\\/2022\\\/04\\\/a4-Modello-231.png\",\"datePublished\":\"2022-04-26T08:23:09+00:00\",\"dateModified\":\"2022-07-25T12:38:17+00:00\",\"breadcrumb\":{\"@id\":\"https:\\\/\\\/ecoprogramflotte.com\\\/fr\\\/modele-231\\\/#breadcrumb\"},\"inLanguage\":\"fr-FR\",\"potentialAction\":[{\"@type\":\"ReadAction\",\"target\":[\"https:\\\/\\\/ecoprogramflotte.com\\\/fr\\\/modele-231\\\/\"]}]},{\"@type\":\"ImageObject\",\"inLanguage\":\"fr-FR\",\"@id\":\"https:\\\/\\\/ecoprogramflotte.com\\\/fr\\\/modele-231\\\/#primaryimage\",\"url\":\"https:\\\/\\\/ecoprogramflotte.com\\\/wp-content\\\/uploads\\\/2022\\\/04\\\/a4-Modello-231.png\",\"contentUrl\":\"https:\\\/\\\/ecoprogramflotte.com\\\/wp-content\\\/uploads\\\/2022\\\/04\\\/a4-Modello-231.png\"},{\"@type\":\"BreadcrumbList\",\"@id\":\"https:\\\/\\\/ecoprogramflotte.com\\\/fr\\\/modele-231\\\/#breadcrumb\",\"itemListElement\":[{\"@type\":\"ListItem\",\"position\":1,\"name\":\"Home\",\"item\":\"https:\\\/\\\/ecoprogramflotte.com\\\/fr\\\/\"},{\"@type\":\"ListItem\",\"position\":2,\"name\":\"Mod\u00e8le 231\"}]},{\"@type\":\"WebSite\",\"@id\":\"https:\\\/\\\/ecoprogramflotte.com\\\/fr\\\/#website\",\"url\":\"https:\\\/\\\/ecoprogramflotte.com\\\/fr\\\/\",\"name\":\"Eco Program Flotte S.p.A.\",\"description\":\"Think beyond\",\"potentialAction\":[{\"@type\":\"SearchAction\",\"target\":{\"@type\":\"EntryPoint\",\"urlTemplate\":\"https:\\\/\\\/ecoprogramflotte.com\\\/fr\\\/?s={search_term_string}\"},\"query-input\":{\"@type\":\"PropertyValueSpecification\",\"valueRequired\":true,\"valueName\":\"search_term_string\"}}],\"inLanguage\":\"fr-FR\"}]}<\/script>\n<!-- \/ Yoast SEO plugin. -->","yoast_head_json":{"title":"Mod\u00e8le 231 - Eco Program Flotte S.p.A.","robots":{"index":"index","follow":"follow","max-snippet":"max-snippet:-1","max-image-preview":"max-image-preview:large","max-video-preview":"max-video-preview:-1"},"canonical":"https:\/\/ecoprogramflotte.com\/fr\/modele-231\/","og_locale":"fr_FR","og_type":"article","og_title":"Mod\u00e8le 231 - Eco Program Flotte S.p.A.","og_description":"Mod\u00e8le 231 L\u2019entreprise s\u2019organise en plusieurs domaines, chacun avec son responsable et sa r\u00e9partition propre en plusieurs fonctions. Mod\u00e8le 231 Ecoprogram Flotte S.p.A. a adopt\u00e9 un syst\u00e8me d\u2019administration et de contr\u00f4le traditionnel, fond\u00e9 sur la pr\u00e9sence d\u2019un Conseil d\u2019Administration compos\u00e9 de quatre membres, dont le Pr\u00e9sident, et d\u2019un Coll\u00e8ge des Commissaires aux Comptes, compos\u00e9 de [&hellip;]","og_url":"https:\/\/ecoprogramflotte.com\/fr\/modele-231\/","og_site_name":"Eco Program Flotte S.p.A.","article_modified_time":"2022-07-25T12:38:17+00:00","og_image":[{"url":"https:\/\/ecoprogramflotte.com\/wp-content\/uploads\/2022\/04\/a4-Modello-231.png","type":"","width":"","height":""}],"twitter_card":"summary_large_image","twitter_misc":{"Dur\u00e9e de lecture estim\u00e9e":"1 minute"},"schema":{"@context":"https:\/\/schema.org","@graph":[{"@type":"WebPage","@id":"https:\/\/ecoprogramflotte.com\/fr\/modele-231\/","url":"https:\/\/ecoprogramflotte.com\/fr\/modele-231\/","name":"Mod\u00e8le 231 - Eco Program Flotte S.p.A.","isPartOf":{"@id":"https:\/\/ecoprogramflotte.com\/fr\/#website"},"primaryImageOfPage":{"@id":"https:\/\/ecoprogramflotte.com\/fr\/modele-231\/#primaryimage"},"image":{"@id":"https:\/\/ecoprogramflotte.com\/fr\/modele-231\/#primaryimage"},"thumbnailUrl":"https:\/\/ecoprogramflotte.com\/wp-content\/uploads\/2022\/04\/a4-Modello-231.png","datePublished":"2022-04-26T08:23:09+00:00","dateModified":"2022-07-25T12:38:17+00:00","breadcrumb":{"@id":"https:\/\/ecoprogramflotte.com\/fr\/modele-231\/#breadcrumb"},"inLanguage":"fr-FR","potentialAction":[{"@type":"ReadAction","target":["https:\/\/ecoprogramflotte.com\/fr\/modele-231\/"]}]},{"@type":"ImageObject","inLanguage":"fr-FR","@id":"https:\/\/ecoprogramflotte.com\/fr\/modele-231\/#primaryimage","url":"https:\/\/ecoprogramflotte.com\/wp-content\/uploads\/2022\/04\/a4-Modello-231.png","contentUrl":"https:\/\/ecoprogramflotte.com\/wp-content\/uploads\/2022\/04\/a4-Modello-231.png"},{"@type":"BreadcrumbList","@id":"https:\/\/ecoprogramflotte.com\/fr\/modele-231\/#breadcrumb","itemListElement":[{"@type":"ListItem","position":1,"name":"Home","item":"https:\/\/ecoprogramflotte.com\/fr\/"},{"@type":"ListItem","position":2,"name":"Mod\u00e8le 231"}]},{"@type":"WebSite","@id":"https:\/\/ecoprogramflotte.com\/fr\/#website","url":"https:\/\/ecoprogramflotte.com\/fr\/","name":"Eco Program Flotte S.p.A.","description":"Think beyond","potentialAction":[{"@type":"SearchAction","target":{"@type":"EntryPoint","urlTemplate":"https:\/\/ecoprogramflotte.com\/fr\/?s={search_term_string}"},"query-input":{"@type":"PropertyValueSpecification","valueRequired":true,"valueName":"search_term_string"}}],"inLanguage":"fr-FR"}]}},"_links":{"self":[{"href":"https:\/\/ecoprogramflotte.com\/fr\/wp-json\/wp\/v2\/pages\/15144","targetHints":{"allow":["GET"]}}],"collection":[{"href":"https:\/\/ecoprogramflotte.com\/fr\/wp-json\/wp\/v2\/pages"}],"about":[{"href":"https:\/\/ecoprogramflotte.com\/fr\/wp-json\/wp\/v2\/types\/page"}],"author":[{"embeddable":true,"href":"https:\/\/ecoprogramflotte.com\/fr\/wp-json\/wp\/v2\/users\/2"}],"replies":[{"embeddable":true,"href":"https:\/\/ecoprogramflotte.com\/fr\/wp-json\/wp\/v2\/comments?post=15144"}],"version-history":[{"count":4,"href":"https:\/\/ecoprogramflotte.com\/fr\/wp-json\/wp\/v2\/pages\/15144\/revisions"}],"predecessor-version":[{"id":15148,"href":"https:\/\/ecoprogramflotte.com\/fr\/wp-json\/wp\/v2\/pages\/15144\/revisions\/15148"}],"wp:attachment":[{"href":"https:\/\/ecoprogramflotte.com\/fr\/wp-json\/wp\/v2\/media?parent=15144"}],"curies":[{"name":"wp","href":"https:\/\/api.w.org\/{rel}","templated":true}]}}