{"id":15174,"date":"2022-04-11T12:38:36","date_gmt":"2022-04-11T10:38:36","guid":{"rendered":"https:\/\/ecoprogramflotte.com\/contacts\/"},"modified":"2022-10-14T18:23:06","modified_gmt":"2022-10-14T16:23:06","slug":"contacts","status":"publish","type":"page","link":"https:\/\/ecoprogramflotte.com\/fr\/contacts\/","title":{"rendered":"Contacts"},"content":{"rendered":"\t\t<div data-elementor-type=\"wp-page\" data-elementor-id=\"15174\" class=\"elementor elementor-15174 elementor-10251\">\n\t\t\t\t\t\t<section class=\"elementor-section elementor-top-section elementor-element elementor-element-0fbab13 elementor-section-full_width qodef-elementor-content-grid elementor-section-height-default elementor-section-height-default\" data-id=\"0fbab13\" data-element_type=\"section\" data-e-type=\"section\">\n\t\t\t\t\t\t<div class=\"elementor-container elementor-column-gap-default\">\n\t\t\t\t\t<div class=\"elementor-column elementor-col-33 elementor-top-column elementor-element elementor-element-14dd6bf qodef-gradient-background-column--no\" data-id=\"14dd6bf\" data-element_type=\"column\" data-e-type=\"column\">\n\t\t\t<div class=\"elementor-widget-wrap elementor-element-populated\">\n\t\t\t\t\t\t<div class=\"elementor-element elementor-element-ede48d8 elementor-widget elementor-widget-text-editor\" data-id=\"ede48d8\" data-element_type=\"widget\" data-e-type=\"widget\" data-widget_type=\"text-editor.default\">\n\t\t\t\t<div class=\"elementor-widget-container\">\n\t\t\t\t\t\t\t\t\t<h5>Eco Program Flotte S.p.A.<\/h5>\t\t\t\t\t\t\t\t<\/div>\n\t\t\t\t<\/div>\n\t\t\t\t<div class=\"elementor-element elementor-element-3b92256 elementor-widget elementor-widget-text-editor\" data-id=\"3b92256\" data-element_type=\"widget\" data-e-type=\"widget\" data-widget_type=\"text-editor.default\">\n\t\t\t\t<div class=\"elementor-widget-container\">\n\t\t\t\t\t\t\t\t\t<p>C.F.\/P.IVA: 02348880069<\/p>\n<p>REA AL-247957<\/p>\n<p>Capitale Sociale Euro 1.000.000,00 int. versato<\/p>\t\t\t\t\t\t\t\t<\/div>\n\t\t\t\t<\/div>\n\t\t\t\t\t<\/div>\n\t\t<\/div>\n\t\t\t\t<div class=\"elementor-column elementor-col-33 elementor-top-column elementor-element elementor-element-7b531ac qodef-gradient-background-column--no\" data-id=\"7b531ac\" data-element_type=\"column\" data-e-type=\"column\">\n\t\t\t<div class=\"elementor-widget-wrap elementor-element-populated\">\n\t\t\t\t\t\t<div class=\"elementor-element elementor-element-57eed47 elementor-widget elementor-widget-text-editor\" data-id=\"57eed47\" data-element_type=\"widget\" data-e-type=\"widget\" data-widget_type=\"text-editor.default\">\n\t\t\t\t<div class=\"elementor-widget-container\">\n\t\t\t\t\t\t\t\t\t<h5>Si\u00e8ge social<\/h5>\t\t\t\t\t\t\t\t<\/div>\n\t\t\t\t<\/div>\n\t\t\t\t<div class=\"elementor-element elementor-element-e6335c6 elementor-widget elementor-widget-text-editor\" data-id=\"e6335c6\" data-element_type=\"widget\" data-e-type=\"widget\" data-widget_type=\"text-editor.default\">\n\t\t\t\t<div class=\"elementor-widget-container\">\n\t\t\t\t\t\t\t\t\t<p>Strada Savonesa 13<br \/>15057 Tortona (AL) Italy<\/p>\t\t\t\t\t\t\t\t<\/div>\n\t\t\t\t<\/div>\n\t\t\t\t\t<\/div>\n\t\t<\/div>\n\t\t\t\t<div class=\"elementor-column elementor-col-33 elementor-top-column elementor-element elementor-element-5995e46 qodef-gradient-background-column--no\" data-id=\"5995e46\" data-element_type=\"column\" data-e-type=\"column\">\n\t\t\t<div class=\"elementor-widget-wrap elementor-element-populated\">\n\t\t\t\t\t\t<div class=\"elementor-element elementor-element-0c17370 elementor-widget elementor-widget-text-editor\" data-id=\"0c17370\" data-element_type=\"widget\" data-e-type=\"widget\" data-widget_type=\"text-editor.default\">\n\t\t\t\t<div class=\"elementor-widget-container\">\n\t\t\t\t\t\t\t\t\t<h5>Si\u00e8ge op\u00e9rationnel<\/h5>\t\t\t\t\t\t\t\t<\/div>\n\t\t\t\t<\/div>\n\t\t\t\t<div class=\"elementor-element elementor-element-4f12c1a elementor-widget elementor-widget-text-editor\" data-id=\"4f12c1a\" data-element_type=\"widget\" data-e-type=\"widget\" data-widget_type=\"text-editor.default\">\n\t\t\t\t<div class=\"elementor-widget-container\">\n\t\t\t\t\t\t\t\t\t<p><a href=\"https:\/\/goo.gl\/maps\/CmM4w8sSW6iaLZh28\" target=\"_blank\" rel=\"noopener\">S.P. 206 Voghera \u2013 Novara Km. 0,550<\/a><br \/>\u00a027050 Casei Gerola (PV) Italy<\/p>\t\t\t\t\t\t\t\t<\/div>\n\t\t\t\t<\/div>\n\t\t\t\t<div class=\"elementor-element elementor-element-29b8cca elementor-widget elementor-widget-text-editor\" data-id=\"29b8cca\" data-element_type=\"widget\" data-e-type=\"widget\" data-widget_type=\"text-editor.default\">\n\t\t\t\t<div class=\"elementor-widget-container\">\n\t\t\t\t\t\t\t\t\t<a href=\"tel:+390383382611\">Tel +39 0383 382611<\/a>\t\t\t\t\t\t\t\t<\/div>\n\t\t\t\t<\/div>\n\t\t\t\t\t<\/div>\n\t\t<\/div>\n\t\t\t\t\t<\/div>\n\t\t<\/section>\n\t\t\t\t<section class=\"elementor-section elementor-top-section elementor-element elementor-element-d66597c elementor-section-full_width qodef-elementor-content-grid elementor-section-height-min-height elementor-section-height-default elementor-section-items-middle\" data-id=\"d66597c\" data-element_type=\"section\" data-e-type=\"section\">\n\t\t\t\t\t\t<div class=\"elementor-container elementor-column-gap-default\">\n\t\t\t\t\t<div class=\"elementor-column elementor-col-100 elementor-top-column elementor-element elementor-element-743fd5e qodef-gradient-background-column--no\" data-id=\"743fd5e\" data-element_type=\"column\" data-e-type=\"column\">\n\t\t\t<div class=\"elementor-widget-wrap elementor-element-populated\">\n\t\t\t\t\t\t<div class=\"elementor-element elementor-element-2d72331 elementor-widget__width-initial elementor-widget elementor-widget-deon_core_section_title\" data-id=\"2d72331\" data-element_type=\"widget\" data-e-type=\"widget\" data-widget_type=\"deon_core_section_title.default\">\n\t\t\t\t<div class=\"elementor-widget-container\">\n\t\t\t\t\t<div class=\"qodef-shortcode qodef-m  qodef-section-title qodef-alignment--center  qodef--has-appear\">\n\t\t\t<h2 class=\"qodef-m-title\" style=\"color: #FFFFFF;background-image: -webkit-linear-gradient(45deg,#5CC3EE 0%, #5D91EF 29%, #4286F4 50%, #7F7FD5 73%, #86A8E7 100%);-webkit-background-clip: text; -webkit-text-fill-color: transparent;;margin-top:-3px;\">\n\t\t\t\t\tNotre organisation est complexe tout<br \/> en restant agile, visant<br \/> la qualit\u00e9 du service, la recherche et l\u2019innovation, avec plus de 30 ann\u00e9es d\u2019exp\u00e9rience.\t\t\t<\/h2>\n\t\t\t<\/div>\n\t\t\t\t<\/div>\n\t\t\t\t<\/div>\n\t\t\t\t\t<\/div>\n\t\t<\/div>\n\t\t\t\t\t<\/div>\n\t\t<\/section>\n\t\t\t\t<section class=\"elementor-section elementor-top-section elementor-element elementor-element-72fdba8 elementor-section-full_width elementor-section-height-default elementor-section-height-default qodef-elementor-content-no\" data-id=\"72fdba8\" data-element_type=\"section\" data-e-type=\"section\" data-settings=\"{&quot;background_background&quot;:&quot;classic&quot;}\">\n\t\t\t\t\t\t<div class=\"elementor-container elementor-column-gap-default\">\n\t\t\t\t\t<div class=\"elementor-column elementor-col-100 elementor-top-column elementor-element elementor-element-78eec1d qodef-gradient-background-column--no\" data-id=\"78eec1d\" data-element_type=\"column\" data-e-type=\"column\">\n\t\t\t<div class=\"elementor-widget-wrap elementor-element-populated\">\n\t\t\t\t\t\t<div class=\"elementor-element elementor-element-208bd25 elementor-widget elementor-widget-image\" data-id=\"208bd25\" data-element_type=\"widget\" data-e-type=\"widget\" data-widget_type=\"image.default\">\n\t\t\t\t<div class=\"elementor-widget-container\">\n\t\t\t\t\t\t\t\t\t\t\t\t\t\t\t<img decoding=\"async\" width=\"400\" height=\"80\" src=\"https:\/\/ecoprogramflotte.com\/wp-content\/uploads\/2022\/04\/ecoprogram-logo-white.png\" class=\"attachment-large size-large wp-image-14494\" alt=\"\" srcset=\"https:\/\/ecoprogramflotte.com\/wp-content\/uploads\/2022\/04\/ecoprogram-logo-white.png 400w, https:\/\/ecoprogramflotte.com\/wp-content\/uploads\/2022\/04\/ecoprogram-logo-white-300x60.png 300w\" sizes=\"(max-width: 400px) 100vw, 400px\" \/>\t\t\t\t\t\t\t\t\t\t\t\t\t\t\t<\/div>\n\t\t\t\t<\/div>\n\t\t\t\t\t<\/div>\n\t\t<\/div>\n\t\t\t\t\t<\/div>\n\t\t<\/section>\n\t\t\t\t<\/div>\n\t\t","protected":false},"excerpt":{"rendered":"<p>Eco Program Flotte S.p.A. C.F.\/P.IVA: 02348880069 REA AL-247957 Capitale Sociale Euro 1.000.000,00 int. versato Si\u00e8ge social Strada Savonesa 1315057 Tortona (AL) Italy Si\u00e8ge op\u00e9rationnel S.P. 206 Voghera \u2013 Novara Km. 0,550\u00a027050 Casei Gerola (PV) Italy Tel +39 0383 382611 Notre organisation est complexe tout en restant agile, visant la qualit\u00e9 du service, la recherche et [&hellip;]<\/p>\n","protected":false},"author":2,"featured_media":0,"parent":0,"menu_order":0,"comment_status":"closed","ping_status":"closed","template":"page-full-width.php","meta":{"_acf_changed":false,"footnotes":""},"class_list":["post-15174","page","type-page","status-publish","hentry"],"acf":[],"yoast_head":"<!-- This site is optimized with the Yoast SEO plugin v27.4 - https:\/\/yoast.com\/product\/yoast-seo-wordpress\/ -->\n<title>Contacts - Eco Program Flotte S.p.A.<\/title>\n<meta name=\"robots\" content=\"index, follow, max-snippet:-1, max-image-preview:large, max-video-preview:-1\" \/>\n<link rel=\"canonical\" href=\"https:\/\/ecoprogramflotte.com\/fr\/contacts\/\" \/>\n<meta property=\"og:locale\" content=\"fr_FR\" \/>\n<meta property=\"og:type\" content=\"article\" \/>\n<meta property=\"og:title\" content=\"Contacts - Eco Program Flotte S.p.A.\" \/>\n<meta property=\"og:description\" content=\"Eco Program Flotte S.p.A. C.F.\/P.IVA: 02348880069 REA AL-247957 Capitale Sociale Euro 1.000.000,00 int. versato Si\u00e8ge social Strada Savonesa 1315057 Tortona (AL) Italy Si\u00e8ge op\u00e9rationnel S.P. 206 Voghera \u2013 Novara Km. 0,550\u00a027050 Casei Gerola (PV) Italy Tel +39 0383 382611 Notre organisation est complexe tout en restant agile, visant la qualit\u00e9 du service, la recherche et [&hellip;]\" \/>\n<meta property=\"og:url\" content=\"https:\/\/ecoprogramflotte.com\/fr\/contacts\/\" \/>\n<meta property=\"og:site_name\" content=\"Eco Program Flotte S.p.A.\" \/>\n<meta property=\"article:modified_time\" content=\"2022-10-14T16:23:06+00:00\" \/>\n<meta property=\"og:image\" content=\"https:\/\/ecoprogramflotte.com\/wp-content\/uploads\/2022\/04\/ecoprogram-logo-white.png\" \/>\n<meta name=\"twitter:card\" content=\"summary_large_image\" \/>\n<meta name=\"twitter:label1\" content=\"Dur\u00e9e de lecture estim\u00e9e\" \/>\n\t<meta name=\"twitter:data1\" content=\"1 minute\" \/>\n<script type=\"application\/ld+json\" class=\"yoast-schema-graph\">{\"@context\":\"https:\\\/\\\/schema.org\",\"@graph\":[{\"@type\":\"WebPage\",\"@id\":\"https:\\\/\\\/ecoprogramflotte.com\\\/fr\\\/contacts\\\/\",\"url\":\"https:\\\/\\\/ecoprogramflotte.com\\\/fr\\\/contacts\\\/\",\"name\":\"Contacts - Eco Program Flotte S.p.A.\",\"isPartOf\":{\"@id\":\"https:\\\/\\\/ecoprogramflotte.com\\\/fr\\\/#website\"},\"primaryImageOfPage\":{\"@id\":\"https:\\\/\\\/ecoprogramflotte.com\\\/fr\\\/contacts\\\/#primaryimage\"},\"image\":{\"@id\":\"https:\\\/\\\/ecoprogramflotte.com\\\/fr\\\/contacts\\\/#primaryimage\"},\"thumbnailUrl\":\"https:\\\/\\\/ecoprogramflotte.com\\\/wp-content\\\/uploads\\\/2022\\\/04\\\/ecoprogram-logo-white.png\",\"datePublished\":\"2022-04-11T10:38:36+00:00\",\"dateModified\":\"2022-10-14T16:23:06+00:00\",\"breadcrumb\":{\"@id\":\"https:\\\/\\\/ecoprogramflotte.com\\\/fr\\\/contacts\\\/#breadcrumb\"},\"inLanguage\":\"fr-FR\",\"potentialAction\":[{\"@type\":\"ReadAction\",\"target\":[\"https:\\\/\\\/ecoprogramflotte.com\\\/fr\\\/contacts\\\/\"]}]},{\"@type\":\"ImageObject\",\"inLanguage\":\"fr-FR\",\"@id\":\"https:\\\/\\\/ecoprogramflotte.com\\\/fr\\\/contacts\\\/#primaryimage\",\"url\":\"https:\\\/\\\/ecoprogramflotte.com\\\/wp-content\\\/uploads\\\/2022\\\/04\\\/ecoprogram-logo-white.png\",\"contentUrl\":\"https:\\\/\\\/ecoprogramflotte.com\\\/wp-content\\\/uploads\\\/2022\\\/04\\\/ecoprogram-logo-white.png\"},{\"@type\":\"BreadcrumbList\",\"@id\":\"https:\\\/\\\/ecoprogramflotte.com\\\/fr\\\/contacts\\\/#breadcrumb\",\"itemListElement\":[{\"@type\":\"ListItem\",\"position\":1,\"name\":\"Home\",\"item\":\"https:\\\/\\\/ecoprogramflotte.com\\\/fr\\\/\"},{\"@type\":\"ListItem\",\"position\":2,\"name\":\"Contacts\"}]},{\"@type\":\"WebSite\",\"@id\":\"https:\\\/\\\/ecoprogramflotte.com\\\/fr\\\/#website\",\"url\":\"https:\\\/\\\/ecoprogramflotte.com\\\/fr\\\/\",\"name\":\"Eco Program Flotte S.p.A.\",\"description\":\"Think beyond\",\"potentialAction\":[{\"@type\":\"SearchAction\",\"target\":{\"@type\":\"EntryPoint\",\"urlTemplate\":\"https:\\\/\\\/ecoprogramflotte.com\\\/fr\\\/?s={search_term_string}\"},\"query-input\":{\"@type\":\"PropertyValueSpecification\",\"valueRequired\":true,\"valueName\":\"search_term_string\"}}],\"inLanguage\":\"fr-FR\"}]}<\/script>\n<!-- \/ Yoast SEO plugin. -->","yoast_head_json":{"title":"Contacts - Eco Program Flotte S.p.A.","robots":{"index":"index","follow":"follow","max-snippet":"max-snippet:-1","max-image-preview":"max-image-preview:large","max-video-preview":"max-video-preview:-1"},"canonical":"https:\/\/ecoprogramflotte.com\/fr\/contacts\/","og_locale":"fr_FR","og_type":"article","og_title":"Contacts - Eco Program Flotte S.p.A.","og_description":"Eco Program Flotte S.p.A. C.F.\/P.IVA: 02348880069 REA AL-247957 Capitale Sociale Euro 1.000.000,00 int. versato Si\u00e8ge social Strada Savonesa 1315057 Tortona (AL) Italy Si\u00e8ge op\u00e9rationnel S.P. 206 Voghera \u2013 Novara Km. 0,550\u00a027050 Casei Gerola (PV) Italy Tel +39 0383 382611 Notre organisation est complexe tout en restant agile, visant la qualit\u00e9 du service, la recherche et [&hellip;]","og_url":"https:\/\/ecoprogramflotte.com\/fr\/contacts\/","og_site_name":"Eco Program Flotte S.p.A.","article_modified_time":"2022-10-14T16:23:06+00:00","og_image":[{"url":"https:\/\/ecoprogramflotte.com\/wp-content\/uploads\/2022\/04\/ecoprogram-logo-white.png","type":"","width":"","height":""}],"twitter_card":"summary_large_image","twitter_misc":{"Dur\u00e9e de lecture estim\u00e9e":"1 minute"},"schema":{"@context":"https:\/\/schema.org","@graph":[{"@type":"WebPage","@id":"https:\/\/ecoprogramflotte.com\/fr\/contacts\/","url":"https:\/\/ecoprogramflotte.com\/fr\/contacts\/","name":"Contacts - Eco Program Flotte S.p.A.","isPartOf":{"@id":"https:\/\/ecoprogramflotte.com\/fr\/#website"},"primaryImageOfPage":{"@id":"https:\/\/ecoprogramflotte.com\/fr\/contacts\/#primaryimage"},"image":{"@id":"https:\/\/ecoprogramflotte.com\/fr\/contacts\/#primaryimage"},"thumbnailUrl":"https:\/\/ecoprogramflotte.com\/wp-content\/uploads\/2022\/04\/ecoprogram-logo-white.png","datePublished":"2022-04-11T10:38:36+00:00","dateModified":"2022-10-14T16:23:06+00:00","breadcrumb":{"@id":"https:\/\/ecoprogramflotte.com\/fr\/contacts\/#breadcrumb"},"inLanguage":"fr-FR","potentialAction":[{"@type":"ReadAction","target":["https:\/\/ecoprogramflotte.com\/fr\/contacts\/"]}]},{"@type":"ImageObject","inLanguage":"fr-FR","@id":"https:\/\/ecoprogramflotte.com\/fr\/contacts\/#primaryimage","url":"https:\/\/ecoprogramflotte.com\/wp-content\/uploads\/2022\/04\/ecoprogram-logo-white.png","contentUrl":"https:\/\/ecoprogramflotte.com\/wp-content\/uploads\/2022\/04\/ecoprogram-logo-white.png"},{"@type":"BreadcrumbList","@id":"https:\/\/ecoprogramflotte.com\/fr\/contacts\/#breadcrumb","itemListElement":[{"@type":"ListItem","position":1,"name":"Home","item":"https:\/\/ecoprogramflotte.com\/fr\/"},{"@type":"ListItem","position":2,"name":"Contacts"}]},{"@type":"WebSite","@id":"https:\/\/ecoprogramflotte.com\/fr\/#website","url":"https:\/\/ecoprogramflotte.com\/fr\/","name":"Eco Program Flotte S.p.A.","description":"Think beyond","potentialAction":[{"@type":"SearchAction","target":{"@type":"EntryPoint","urlTemplate":"https:\/\/ecoprogramflotte.com\/fr\/?s={search_term_string}"},"query-input":{"@type":"PropertyValueSpecification","valueRequired":true,"valueName":"search_term_string"}}],"inLanguage":"fr-FR"}]}},"_links":{"self":[{"href":"https:\/\/ecoprogramflotte.com\/fr\/wp-json\/wp\/v2\/pages\/15174","targetHints":{"allow":["GET"]}}],"collection":[{"href":"https:\/\/ecoprogramflotte.com\/fr\/wp-json\/wp\/v2\/pages"}],"about":[{"href":"https:\/\/ecoprogramflotte.com\/fr\/wp-json\/wp\/v2\/types\/page"}],"author":[{"embeddable":true,"href":"https:\/\/ecoprogramflotte.com\/fr\/wp-json\/wp\/v2\/users\/2"}],"replies":[{"embeddable":true,"href":"https:\/\/ecoprogramflotte.com\/fr\/wp-json\/wp\/v2\/comments?post=15174"}],"version-history":[{"count":19,"href":"https:\/\/ecoprogramflotte.com\/fr\/wp-json\/wp\/v2\/pages\/15174\/revisions"}],"predecessor-version":[{"id":15349,"href":"https:\/\/ecoprogramflotte.com\/fr\/wp-json\/wp\/v2\/pages\/15174\/revisions\/15349"}],"wp:attachment":[{"href":"https:\/\/ecoprogramflotte.com\/fr\/wp-json\/wp\/v2\/media?parent=15174"}],"curies":[{"name":"wp","href":"https:\/\/api.w.org\/{rel}","templated":true}]}}